{"id":1312,"date":"2022-02-13T18:32:55","date_gmt":"2022-02-13T17:32:55","guid":{"rendered":"https:\/\/cmr.gumed.edu.pl\/?page_id=1312"},"modified":"2022-04-19T20:35:26","modified_gmt":"2022-04-19T18:35:26","slug":"ochrona-danych-osobowych","status":"publish","type":"page","link":"https:\/\/cmr.gumed.edu.pl\/en\/ochrona-danych-osobowych\/","title":{"rendered":"Ochrona danych osobowych"},"content":{"rendered":"<div data-elementor-type=\"wp-page\" data-elementor-id=\"1312\" class=\"elementor elementor-1312\">\n\t\t\t\t\t\t<section class=\"elementor-section elementor-top-section elementor-element elementor-element-184d2f17 elementor-section-boxed elementor-section-height-default elementor-section-height-default\" data-id=\"184d2f17\" data-element_type=\"section\">\n\t\t\t\t\t\t<div class=\"elementor-container elementor-column-gap-default\">\n\t\t\t\t\t<div class=\"elementor-column elementor-col-100 elementor-top-column elementor-element elementor-element-29ff4347\" data-id=\"29ff4347\" data-element_type=\"column\">\n\t\t\t<div class=\"elementor-widget-wrap elementor-element-populated\">\n\t\t\t\t\t\t<div class=\"elementor-element elementor-element-7f9cb6a elementor-widget elementor-widget-text-editor\" data-id=\"7f9cb6a\" data-element_type=\"widget\" data-widget_type=\"text-editor.default\">\n\t\t\t\t<div class=\"elementor-widget-container\">\n\t\t\t\t\t\t\t\t\t\n<h1 class=\"wp-block-heading\">Informacja o ochronie i przetwarzaniu danych osobowych pacjent\u00f3w w Centrum Medycyny Rodzinnej Gda\u0144skiego Uniwersytetu Medycznego sp. z o.o.<\/h1>\n\n<p><br \/>Zgodnie z ustawodawstwem Unii Europejskiej i przepisami polskiego prawa informujemy:<\/p>\n\n<p>Administratorem Danych Osobowych pacjent\u00f3w i os\u00f3b upowa\u017cnionych jest Centrum Medycyny Rodzinnej Gda\u0144skiego Uniwersytetu Medycznego sp.\u00a0z\u00a0o.o.<br \/>80-952 Gda\u0144sk, ul. D\u0119binki 7; tel. 58 349 16 05; e-mail : <a href=\"mailto:iodcmr@gumed.edu.pl\"><strong>iodcmr@gumed.edu.pl<\/strong><\/a><br \/>Inspektorem Ochrony Danych jest Pani Marta Zebzda.<\/p>\n\n<p>Zgodnie z obowi\u0105zuj\u0105cym prawem dane pacjent\u00f3w przetwarzane s\u0105 wy\u0142\u0105cznie w\u00a0celu \u015bwiadczenia us\u0142ug medycznych.<\/p>\n\n<p>Przekazanie danych osobowych jest wymogiem ustawowym dotycz\u0105cym pacjent\u00f3w.<\/p>\n\n<p>Dane osobowe pacjent\u00f3w udost\u0119pniane s\u0105 tylko podmiotom wskazanym przepisami prawa.<\/p>\n\n<p>Dane osobowe pacjent\u00f3w nie s\u0105 przekazywane pa\u0144stwom trzecim i instytucjom mi\u0119dzynarodowym.<\/p>\n\n<p>Dane osobowe pacjent\u00f3w b\u0119d\u0105 przechowywane nie d\u0142u\u017cej ni\u017c okre\u015blaj\u0105 to przepisy prawa.<\/p>\n\n<p>Udost\u0119pnianie dokumentacji medycznej pacjent\u00f3w mo\u017ce nast\u0105pi\u0107 tylko zgodnie z przepisami prawa.<\/p>\n\n<p>Pacjenci maj\u0105 prawo do \u017c\u0105dania od Administratora Danych Osobowych dost\u0119pu do swoich danych, ich\u00a0sprostowania lub aktualizacji, jak r\u00f3wnie\u017c ograniczenia przetwarzania.<\/p>\n\n<p>Pacjentom przys\u0142uguje prawo do wniesienia skargi do organu nadzorczego w zwi\u0105zku z ochron\u0105 lub przetwarzaniem ich\u00a0danych osobowych.<\/p>\n\n<p>Dane osobowe pacjent\u00f3w nie s\u0105 przedmiotem automatyzacji i profilowania.<\/p>\n\n<h3 class=\"wp-block-heading\">Podstawy prawne<\/h3>\n\n<div class=\"wp-block-group is-layout-flow wp-block-group-is-layout-flow\"><div class=\"wp-block-group__inner-container\">\n<ul style=\"font-size: 13px;\">\n<li>Rozporz\u0105dzenie Parlamentu Europejskiego i Rady (UE) 2016\/679 z dnia 27 kwietnia 2016 r. w sprawie ochrony os\u00f3b fizycznych w zwi\u0105zku z przetwarzaniem danych osobowych i w sprawie swobodnego przep\u0142ywu takich danych oraz uchylenia dyrektywy 95\/46\/WE<\/li>\n<li>Ustawa z dnia 6 listopada 2008 r. o prawach pacjenta i Rzeczniku Praw Pacjenta<\/li>\n<li>Rozporz\u0105dzenie Ministra Zdrowia z dnia 9 listopada 2015 r. w sprawie rodzaj\u00f3w, zakresu i wzor\u00f3w dokumentacji medycznej oraz sposobu jej przetwarzania<\/li>\n<li>Ustawa z dnia 16 lipca 2004 r. Prawo telekomunikacyjne<\/li>\n<li>Ustawa z dnia 18 lipca 2002 r. o \u015bwiadczeniu us\u0142ug drog\u0105 elektroniczn\u0105<\/li>\n<li>Ustawa z dnia 29 wrze\u015bnia 1994 r. o rachunkowo\u015bci<\/li>\n<\/ul>\n<\/div><\/div>\n\t\t\t\t\t\t\t\t<\/div>\n\t\t\t\t<\/div>\n\t\t\t\t\t<\/div>\n\t\t<\/div>\n\t\t\t\t\t<\/div>\n\t\t<\/section>\n\t\t\t\t<\/div>","protected":false},"excerpt":{"rendered":"<p>Informacja o ochronie i przetwarzaniu danych osobowych pacjent\u00f3w w Centrum Medycyny Rodzinnej Gda\u0144skiego Uniwersytetu Medycznego sp. z o.o. Zgodnie z ustawodawstwem Unii Europejskiej i przepisami polskiego prawa informujemy: Administratorem Danych Osobowych pacjent\u00f3w i os\u00f3b upowa\u017cnionych jest Centrum Medycyny Rodzinnej Gda\u0144skiego Uniwersytetu Medycznego sp.\u00a0z\u00a0o.o.80-952 Gda\u0144sk, ul. D\u0119binki 7; tel. 58 349 16 05; e-mail : iodcmr@gumed.edu.plInspektorem &hellip;<\/p>\n<p class=\"read-more\"> <a class=\"\" href=\"https:\/\/cmr.gumed.edu.pl\/en\/ochrona-danych-osobowych\/\"> <span class=\"screen-reader-text\">Ochrona danych osobowych<\/span> Read More &raquo;<\/a><\/p>","protected":false},"author":6,"featured_media":0,"parent":0,"menu_order":0,"comment_status":"closed","ping_status":"closed","template":"","meta":{"site-sidebar-layout":"no-sidebar","site-content-layout":"content-boxed-container","ast-site-content-layout":"","site-content-style":"default","site-sidebar-style":"default","ast-global-header-display":"","ast-banner-title-visibility":"","ast-main-header-display":"","ast-hfb-above-header-display":"","ast-hfb-below-header-display":"","ast-hfb-mobile-header-display":"","site-post-title":"","ast-breadcrumbs-content":"","ast-featured-img":"disabled","footer-sml-layout":"","theme-transparent-header-meta":"","adv-header-id-meta":"","stick-header-meta":"","header-above-stick-meta":"","header-main-stick-meta":"","header-below-stick-meta":"","astra-migrate-meta-layouts":"","ast-page-background-enabled":"default","ast-page-background-meta":{"desktop":{"background-color":"","background-image":"","background-repeat":"repeat","background-position":"center center","background-size":"auto","background-attachment":"scroll","background-type":"","background-media":"","overlay-type":"","overlay-color":"","overlay-gradient":""},"tablet":{"background-color":"","background-image":"","background-repeat":"repeat","background-position":"center center","background-size":"auto","background-attachment":"scroll","background-type":"","background-media":"","overlay-type":"","overlay-color":"","overlay-gradient":""},"mobile":{"background-color":"","background-image":"","background-repeat":"repeat","background-position":"center center","background-size":"auto","background-attachment":"scroll","background-type":"","background-media":"","overlay-type":"","overlay-color":"","overlay-gradient":""}},"ast-content-background-meta":{"desktop":{"background-color":"var(--ast-global-color-5)","background-image":"","background-repeat":"repeat","background-position":"center center","background-size":"auto","background-attachment":"scroll","background-type":"","background-media":"","overlay-type":"","overlay-color":"","overlay-gradient":""},"tablet":{"background-color":"var(--ast-global-color-5)","background-image":"","background-repeat":"repeat","background-position":"center center","background-size":"auto","background-attachment":"scroll","background-type":"","background-media":"","overlay-type":"","overlay-color":"","overlay-gradient":""},"mobile":{"background-color":"var(--ast-global-color-5)","background-image":"","background-repeat":"repeat","background-position":"center center","background-size":"auto","background-attachment":"scroll","background-type":"","background-media":"","overlay-type":"","overlay-color":"","overlay-gradient":""}},"footnotes":""},"yoast_head":"<!-- This site is optimized with the Yoast SEO plugin v22.6 - https:\/\/yoast.com\/wordpress\/plugins\/seo\/ -->\n<title>Ochrona danych osobowych &#8902; Centrum Medycyny Rodzinnej Gda\u0144skiego Uniwersytetu Medycznego<\/title>\n<meta name=\"description\" content=\"Informacja o ochronie i przetwarzaniu danych osobowych pacjent\u00f3w w Centrum medycyny Rodzinnej Gda\u0144skiego Uniwersytetu Medycznego sp. z o.o.\" \/>\n<meta name=\"robots\" content=\"index, follow, max-snippet:-1, max-image-preview:large, max-video-preview:-1\" \/>\n<link rel=\"canonical\" href=\"https:\/\/cmr.gumed.edu.pl\/en\/ochrona-danych-osobowych\/\" \/>\n<meta property=\"og:locale\" content=\"en_US\" \/>\n<meta property=\"og:type\" content=\"article\" \/>\n<meta property=\"og:title\" content=\"Ochrona danych osobowych &#8902; Centrum Medycyny Rodzinnej Gda\u0144skiego Uniwersytetu Medycznego\" \/>\n<meta property=\"og:description\" content=\"Informacja o ochronie i przetwarzaniu danych osobowych pacjent\u00f3w w Centrum medycyny Rodzinnej Gda\u0144skiego Uniwersytetu Medycznego sp. z o.o.\" \/>\n<meta property=\"og:url\" content=\"https:\/\/cmr.gumed.edu.pl\/en\/ochrona-danych-osobowych\/\" \/>\n<meta property=\"og:site_name\" content=\"Centrum Medycyny Rodzinnej Gda\u0144skiego Uniwersytetu Medycznego\" \/>\n<meta property=\"article:modified_time\" content=\"2022-04-19T18:35:26+00:00\" \/>\n<meta name=\"twitter:card\" content=\"summary_large_image\" \/>\n<meta name=\"twitter:label1\" content=\"Est. reading time\" \/>\n\t<meta name=\"twitter:data1\" content=\"2 minutes\" \/>\n<script type=\"application\/ld+json\" class=\"yoast-schema-graph\">{\"@context\":\"https:\/\/schema.org\",\"@graph\":[{\"@type\":\"WebPage\",\"@id\":\"https:\/\/cmr.gumed.edu.pl\/ochrona-danych-osobowych\/\",\"url\":\"https:\/\/cmr.gumed.edu.pl\/ochrona-danych-osobowych\/\",\"name\":\"Ochrona danych osobowych &#8902; Centrum Medycyny Rodzinnej Gda\u0144skiego Uniwersytetu Medycznego\",\"isPartOf\":{\"@id\":\"https:\/\/cmr.gumed.edu.pl\/#website\"},\"datePublished\":\"2022-02-13T17:32:55+00:00\",\"dateModified\":\"2022-04-19T18:35:26+00:00\",\"description\":\"Informacja o ochronie i przetwarzaniu danych osobowych pacjent\u00f3w w Centrum medycyny Rodzinnej Gda\u0144skiego Uniwersytetu Medycznego sp. z o.o.\",\"breadcrumb\":{\"@id\":\"https:\/\/cmr.gumed.edu.pl\/ochrona-danych-osobowych\/#breadcrumb\"},\"inLanguage\":\"en-US\",\"potentialAction\":[{\"@type\":\"ReadAction\",\"target\":[\"https:\/\/cmr.gumed.edu.pl\/ochrona-danych-osobowych\/\"]}]},{\"@type\":\"BreadcrumbList\",\"@id\":\"https:\/\/cmr.gumed.edu.pl\/ochrona-danych-osobowych\/#breadcrumb\",\"itemListElement\":[{\"@type\":\"ListItem\",\"position\":1,\"name\":\"Strona g\u0142\u00f3wna\",\"item\":\"https:\/\/cmr.gumed.edu.pl\/\"},{\"@type\":\"ListItem\",\"position\":2,\"name\":\"Ochrona danych osobowych\"}]},{\"@type\":\"WebSite\",\"@id\":\"https:\/\/cmr.gumed.edu.pl\/#website\",\"url\":\"https:\/\/cmr.gumed.edu.pl\/\",\"name\":\"Centrum Medycyny Rodzinnej\",\"description\":\"Centrum Medycyny Rodzinnej Gda\u0144skiego Uniwersytetu Medycznego\",\"publisher\":{\"@id\":\"https:\/\/cmr.gumed.edu.pl\/#organization\"},\"potentialAction\":[{\"@type\":\"SearchAction\",\"target\":{\"@type\":\"EntryPoint\",\"urlTemplate\":\"https:\/\/cmr.gumed.edu.pl\/?s={search_term_string}\"},\"query-input\":\"required name=search_term_string\"}],\"inLanguage\":\"en-US\"},{\"@type\":\"Organization\",\"@id\":\"https:\/\/cmr.gumed.edu.pl\/#organization\",\"name\":\"Centrum Medycyny Rodzinnej GUMed\",\"url\":\"https:\/\/cmr.gumed.edu.pl\/\",\"logo\":{\"@type\":\"ImageObject\",\"inLanguage\":\"en-US\",\"@id\":\"https:\/\/cmr.gumed.edu.pl\/#\/schema\/logo\/image\/\",\"url\":\"https:\/\/cmr.gumed.edu.pl\/wp-content\/uploads\/2021\/02\/GUMed_znak_PL_V_REG_polichromatyczny_negatyw_RGB.svg\",\"contentUrl\":\"https:\/\/cmr.gumed.edu.pl\/wp-content\/uploads\/2021\/02\/GUMed_znak_PL_V_REG_polichromatyczny_negatyw_RGB.svg\",\"width\":1,\"height\":1,\"caption\":\"Centrum Medycyny Rodzinnej GUMed\"},\"image\":{\"@id\":\"https:\/\/cmr.gumed.edu.pl\/#\/schema\/logo\/image\/\"}}]}<\/script>\n<!-- \/ Yoast SEO plugin. -->","yoast_head_json":{"title":"Ochrona danych osobowych &#8902; Centrum Medycyny Rodzinnej Gda\u0144skiego Uniwersytetu Medycznego","description":"Informacja o ochronie i przetwarzaniu danych osobowych pacjent\u00f3w w Centrum medycyny Rodzinnej Gda\u0144skiego Uniwersytetu Medycznego sp. z o.o.","robots":{"index":"index","follow":"follow","max-snippet":"max-snippet:-1","max-image-preview":"max-image-preview:large","max-video-preview":"max-video-preview:-1"},"canonical":"https:\/\/cmr.gumed.edu.pl\/en\/ochrona-danych-osobowych\/","og_locale":"en_US","og_type":"article","og_title":"Ochrona danych osobowych &#8902; Centrum Medycyny Rodzinnej Gda\u0144skiego Uniwersytetu Medycznego","og_description":"Informacja o ochronie i przetwarzaniu danych osobowych pacjent\u00f3w w Centrum medycyny Rodzinnej Gda\u0144skiego Uniwersytetu Medycznego sp. z o.o.","og_url":"https:\/\/cmr.gumed.edu.pl\/en\/ochrona-danych-osobowych\/","og_site_name":"Centrum Medycyny Rodzinnej Gda\u0144skiego Uniwersytetu Medycznego","article_modified_time":"2022-04-19T18:35:26+00:00","twitter_card":"summary_large_image","twitter_misc":{"Est. reading time":"2 minutes"},"schema":{"@context":"https:\/\/schema.org","@graph":[{"@type":"WebPage","@id":"https:\/\/cmr.gumed.edu.pl\/ochrona-danych-osobowych\/","url":"https:\/\/cmr.gumed.edu.pl\/ochrona-danych-osobowych\/","name":"Ochrona danych osobowych &#8902; Centrum Medycyny Rodzinnej Gda\u0144skiego Uniwersytetu Medycznego","isPartOf":{"@id":"https:\/\/cmr.gumed.edu.pl\/#website"},"datePublished":"2022-02-13T17:32:55+00:00","dateModified":"2022-04-19T18:35:26+00:00","description":"Informacja o ochronie i przetwarzaniu danych osobowych pacjent\u00f3w w Centrum medycyny Rodzinnej Gda\u0144skiego Uniwersytetu Medycznego sp. z o.o.","breadcrumb":{"@id":"https:\/\/cmr.gumed.edu.pl\/ochrona-danych-osobowych\/#breadcrumb"},"inLanguage":"en-US","potentialAction":[{"@type":"ReadAction","target":["https:\/\/cmr.gumed.edu.pl\/ochrona-danych-osobowych\/"]}]},{"@type":"BreadcrumbList","@id":"https:\/\/cmr.gumed.edu.pl\/ochrona-danych-osobowych\/#breadcrumb","itemListElement":[{"@type":"ListItem","position":1,"name":"Strona g\u0142\u00f3wna","item":"https:\/\/cmr.gumed.edu.pl\/"},{"@type":"ListItem","position":2,"name":"Ochrona danych osobowych"}]},{"@type":"WebSite","@id":"https:\/\/cmr.gumed.edu.pl\/#website","url":"https:\/\/cmr.gumed.edu.pl\/","name":"Family Medicine Center","description":"Centrum Medycyny Rodzinnej Gda\u0144skiego Uniwersytetu Medycznego","publisher":{"@id":"https:\/\/cmr.gumed.edu.pl\/#organization"},"potentialAction":[{"@type":"SearchAction","target":{"@type":"EntryPoint","urlTemplate":"https:\/\/cmr.gumed.edu.pl\/?s={search_term_string}"},"query-input":"required name=search_term_string"}],"inLanguage":"en-US"},{"@type":"Organization","@id":"https:\/\/cmr.gumed.edu.pl\/#organization","name":"Centrum Medycyny Rodzinnej GUMed","url":"https:\/\/cmr.gumed.edu.pl\/","logo":{"@type":"ImageObject","inLanguage":"en-US","@id":"https:\/\/cmr.gumed.edu.pl\/#\/schema\/logo\/image\/","url":"https:\/\/cmr.gumed.edu.pl\/wp-content\/uploads\/2021\/02\/GUMed_znak_PL_V_REG_polichromatyczny_negatyw_RGB.svg","contentUrl":"https:\/\/cmr.gumed.edu.pl\/wp-content\/uploads\/2021\/02\/GUMed_znak_PL_V_REG_polichromatyczny_negatyw_RGB.svg","width":1,"height":1,"caption":"Centrum Medycyny Rodzinnej GUMed"},"image":{"@id":"https:\/\/cmr.gumed.edu.pl\/#\/schema\/logo\/image\/"}}]}},"_links":{"self":[{"href":"https:\/\/cmr.gumed.edu.pl\/en\/wp-json\/wp\/v2\/pages\/1312"}],"collection":[{"href":"https:\/\/cmr.gumed.edu.pl\/en\/wp-json\/wp\/v2\/pages"}],"about":[{"href":"https:\/\/cmr.gumed.edu.pl\/en\/wp-json\/wp\/v2\/types\/page"}],"author":[{"embeddable":true,"href":"https:\/\/cmr.gumed.edu.pl\/en\/wp-json\/wp\/v2\/users\/6"}],"replies":[{"embeddable":true,"href":"https:\/\/cmr.gumed.edu.pl\/en\/wp-json\/wp\/v2\/comments?post=1312"}],"version-history":[{"count":28,"href":"https:\/\/cmr.gumed.edu.pl\/en\/wp-json\/wp\/v2\/pages\/1312\/revisions"}],"predecessor-version":[{"id":2248,"href":"https:\/\/cmr.gumed.edu.pl\/en\/wp-json\/wp\/v2\/pages\/1312\/revisions\/2248"}],"wp:attachment":[{"href":"https:\/\/cmr.gumed.edu.pl\/en\/wp-json\/wp\/v2\/media?parent=1312"}],"curies":[{"name":"wp","href":"https:\/\/api.w.org\/{rel}","templated":true}]}}