{"id":2418,"date":"2022-11-07T21:42:51","date_gmt":"2022-11-07T20:42:51","guid":{"rendered":"https:\/\/cmr.gumed.edu.pl\/?page_id=2418"},"modified":"2025-04-09T15:39:13","modified_gmt":"2025-04-09T13:39:13","slug":"zapisy-do-przychodni","status":"publish","type":"page","link":"https:\/\/cmr.gumed.edu.pl\/en\/zapisy-do-przychodni\/","title":{"rendered":"ZAPISY DO PRZYCHODNI"},"content":{"rendered":"<div data-elementor-type=\"wp-page\" data-elementor-id=\"2418\" class=\"elementor elementor-2418\">\n\t\t\t\t\t\t<section class=\"elementor-section elementor-top-section elementor-element elementor-element-4cd09e6 elementor-section-boxed elementor-section-height-default elementor-section-height-default\" data-id=\"4cd09e6\" data-element_type=\"section\">\n\t\t\t\t\t\t<div class=\"elementor-container elementor-column-gap-default\">\n\t\t\t\t\t<div class=\"elementor-column elementor-col-100 elementor-top-column elementor-element elementor-element-446bff7\" data-id=\"446bff7\" data-element_type=\"column\">\n\t\t\t<div class=\"elementor-widget-wrap elementor-element-populated\">\n\t\t\t\t\t\t<div class=\"elementor-element elementor-element-397d3ee elementor-widget elementor-widget-heading\" data-id=\"397d3ee\" data-element_type=\"widget\" data-widget_type=\"heading.default\">\n\t\t\t\t<div class=\"elementor-widget-container\">\n\t\t\t\t\t<h1 class=\"elementor-heading-title elementor-size-default\">Centrum Medycyny Rodzinnej dla Ciebie<\/h1>\t\t\t\t<\/div>\n\t\t\t\t<\/div>\n\t\t\t\t<div class=\"elementor-element elementor-element-4b4ab28 elementor-widget elementor-widget-text-editor\" data-id=\"4b4ab28\" data-element_type=\"widget\" data-widget_type=\"text-editor.default\">\n\t\t\t\t<div class=\"elementor-widget-container\">\n\t\t\t\t\t\t\t\t\t<h2 style=\"text-align: center;\"><strong>LEKARZE POZ CENTRUM MEDYCYNY RODZINNEJ GUMED\u00a0 PRZYJMUJ\u0104\u00a0 PACJENT\u00d3W NA OG\u00d3\u0141 W DNIU REJESTRACJI.<\/strong><\/h2><p><strong>Jak zapisa\u0107 si\u0119\u00a0 do przychodni Centrum Medycyny Rodzinnej GUMed?<\/strong><\/p><p><strong>S\u0105 dwa sposoby:<\/strong><\/p><ol><li>Z\u0142o\u017cy\u0107 osobi\u015bcie w rejestracji przychodni papierow\u0105 deklaracj\u0119 wyboru lekarza, piel\u0119gniarki oraz po\u0142o\u017cnej (dla kobiet).<\/li><li>Z\u0142o\u017cy\u0107 deklaracj\u0119 wyboru przez Internetowe Konto Pacjenta (IKP).<\/li><\/ol><p><strong>Jak zalogowa\u0107 si\u0119 do Internetowego Konta Pacjenta i dokona\u0107 wyboru lekarza, piel\u0119gniarki i po\u0142o\u017cnej?<\/strong><\/p><p><strong>Wyb\u00f3r lekarza:<\/strong><\/p><ol><li>Wej\u015b\u0107 na stron\u0119 <a href=\"https:\/\/pacjent.gov.pl\/\">https:\/\/pacjent.gov.pl\/<\/a><\/li><li>Po zalogowaniu klikn\u0105\u0107 <strong>Moje konto<\/strong> (prawy g\u00f3rny r\u00f3g strony)<\/li><li>Wybra\u0107 <strong>Twoja Podstawowa Opieka Zdrowotna (POZ)<\/strong>, nast\u0119pnie <strong>wype\u0142nij deklaracj\u0119.<\/strong><\/li><li>Aby znale\u017a\u0107 przychodnie nale\u017cy wybra\u0107:<br \/>a) D\u0118BINKI,<br \/>b) Centrum medycyny Rodzinnej Gda\u0144skiego Uniwersytetu Medycznego ul. D\u0119binki 7, 80-211 Gda\u0144sk (poradnia lekarza POZ)<\/li><li>Wybra\u0107 dowolnego lekarza z listy.<\/li><li>Podpisa\u0107 i wys\u0142a\u0107 deklaracj\u0119.<\/li><\/ol><p><strong>Wyb\u00f3r piel\u0119gniarki:<br \/><\/strong>Procedura analogiczna jak w przypadku wyboru lekarza.<\/p><ol><li>Wybra\u0107 piel\u0119gniark\u0119 z listy<\/li><li>Podpisa\u0107 i wys\u0142a\u0107 deklaracj\u0119.<\/li><\/ol><p><strong>Wyb\u00f3r po\u0142o\u017cnej (dla kobiet):<br \/><\/strong>Procedura analogiczna jak w przypadku wyboru lekarza.<\/p><ol><li>Wybra\u0107 po\u0142o\u017cn\u0105 z listy<\/li><li>Podpisa\u0107 i wys\u0142a\u0107 deklaracj\u0119.<\/li><\/ol><p>Tu znajdziesz film instrukta\u017cowy jak zapisa\u0107 si\u0119 do przychodni przez IKP :<br \/><a href=\"https:\/\/www.youtube.com\/watch?v=9ich87utU9k\">https:\/\/www.youtube.com\/watch?v=9ich87utU9k<\/a><\/p><p>Po zapisaniu, mo\u017cesz w razie potrzeby zarejestrowa\u0107 si\u0119 na bezp\u0142atn\u0105 wizyt\u0119 u lekarza POZ.<\/p><p><strong>Rejestracja telefoniczna 58 349 16 08 w dni robocze od 8:00 do 18:00<\/strong><\/p>\t\t\t\t\t\t\t\t<\/div>\n\t\t\t\t<\/div>\n\t\t\t\t\t<\/div>\n\t\t<\/div>\n\t\t\t\t\t<\/div>\n\t\t<\/section>\n\t\t\t\t<\/div>","protected":false},"excerpt":{"rendered":"<p>Centrum Medycyny Rodzinnej dla Ciebie LEKARZE POZ CENTRUM MEDYCYNY RODZINNEJ GUMED\u00a0 PRZYJMUJ\u0104\u00a0 PACJENT\u00d3W NA OG\u00d3\u0141 W DNIU REJESTRACJI. Jak zapisa\u0107 si\u0119\u00a0 do przychodni Centrum Medycyny Rodzinnej GUMed? S\u0105 dwa sposoby: Z\u0142o\u017cy\u0107 osobi\u015bcie w rejestracji przychodni papierow\u0105 deklaracj\u0119 wyboru lekarza, piel\u0119gniarki oraz po\u0142o\u017cnej (dla kobiet). Z\u0142o\u017cy\u0107 deklaracj\u0119 wyboru przez Internetowe Konto Pacjenta (IKP). Jak zalogowa\u0107 si\u0119 &hellip;<\/p>\n<p class=\"read-more\"> <a class=\"\" href=\"https:\/\/cmr.gumed.edu.pl\/en\/zapisy-do-przychodni\/\"> <span class=\"screen-reader-text\">ZAPISY DO PRZYCHODNI<\/span> Read More &raquo;<\/a><\/p>","protected":false},"author":6,"featured_media":0,"parent":0,"menu_order":0,"comment_status":"closed","ping_status":"closed","template":"","meta":{"site-sidebar-layout":"no-sidebar","site-content-layout":"content-boxed-container","ast-site-content-layout":"","site-content-style":"default","site-sidebar-style":"default","ast-global-header-display":"","ast-banner-title-visibility":"","ast-main-header-display":"","ast-hfb-above-header-display":"","ast-hfb-below-header-display":"","ast-hfb-mobile-header-display":"","site-post-title":"","ast-breadcrumbs-content":"","ast-featured-img":"disabled","footer-sml-layout":"","theme-transparent-header-meta":"default","adv-header-id-meta":"","stick-header-meta":"","header-above-stick-meta":"","header-main-stick-meta":"","header-below-stick-meta":"","astra-migrate-meta-layouts":"","ast-page-background-enabled":"default","ast-page-background-meta":{"desktop":{"background-color":"","background-image":"","background-repeat":"repeat","background-position":"center center","background-size":"auto","background-attachment":"scroll","background-type":"","background-media":"","overlay-type":"","overlay-color":"","overlay-gradient":""},"tablet":{"background-color":"","background-image":"","background-repeat":"repeat","background-position":"center center","background-size":"auto","background-attachment":"scroll","background-type":"","background-media":"","overlay-type":"","overlay-color":"","overlay-gradient":""},"mobile":{"background-color":"","background-image":"","background-repeat":"repeat","background-position":"center center","background-size":"auto","background-attachment":"scroll","background-type":"","background-media":"","overlay-type":"","overlay-color":"","overlay-gradient":""}},"ast-content-background-meta":{"desktop":{"background-color":"var(--ast-global-color-5)","background-image":"","background-repeat":"repeat","background-position":"center center","background-size":"auto","background-attachment":"scroll","background-type":"","background-media":"","overlay-type":"","overlay-color":"","overlay-gradient":""},"tablet":{"background-color":"var(--ast-global-color-5)","background-image":"","background-repeat":"repeat","background-position":"center center","background-size":"auto","background-attachment":"scroll","background-type":"","background-media":"","overlay-type":"","overlay-color":"","overlay-gradient":""},"mobile":{"background-color":"var(--ast-global-color-5)","background-image":"","background-repeat":"repeat","background-position":"center center","background-size":"auto","background-attachment":"scroll","background-type":"","background-media":"","overlay-type":"","overlay-color":"","overlay-gradient":""}},"footnotes":""},"yoast_head":"<!-- This site is optimized with the Yoast SEO plugin v22.6 - https:\/\/yoast.com\/wordpress\/plugins\/seo\/ -->\n<title>ZAPISY DO PRZYCHODNI &#8902; Centrum Medycyny Rodzinnej Gda\u0144skiego Uniwersytetu Medycznego<\/title>\n<meta name=\"description\" content=\"Jak zapisa\u0107 si\u0119 do przychodni Centrum Medycyny Rodzinnej GUMed? Z\u0142o\u017cy\u0107 osobi\u015bcie w rejestracji przychodni papierow\u0105 deklaracj\u0119 wyboru lekarza, piel\u0119gniarki oraz po\u0142o\u017cnej (dla kobiet) lub z\u0142o\u017cy\u0107 deklaracj\u0119 wyboru przez Internetowe Konto Pacjenta (IKP).\" \/>\n<meta name=\"robots\" content=\"index, follow, max-snippet:-1, max-image-preview:large, max-video-preview:-1\" \/>\n<link rel=\"canonical\" href=\"https:\/\/cmr.gumed.edu.pl\/en\/zapisy-do-przychodni\/\" \/>\n<meta property=\"og:locale\" content=\"en_US\" \/>\n<meta property=\"og:type\" content=\"article\" \/>\n<meta property=\"og:title\" content=\"ZAPISY DO PRZYCHODNI &#8902; Centrum Medycyny Rodzinnej Gda\u0144skiego Uniwersytetu Medycznego\" \/>\n<meta property=\"og:description\" content=\"Jak zapisa\u0107 si\u0119 do przychodni Centrum Medycyny Rodzinnej GUMed? Z\u0142o\u017cy\u0107 osobi\u015bcie w rejestracji przychodni papierow\u0105 deklaracj\u0119 wyboru lekarza, piel\u0119gniarki oraz po\u0142o\u017cnej (dla kobiet) lub z\u0142o\u017cy\u0107 deklaracj\u0119 wyboru przez Internetowe Konto Pacjenta (IKP).\" \/>\n<meta property=\"og:url\" content=\"https:\/\/cmr.gumed.edu.pl\/en\/zapisy-do-przychodni\/\" \/>\n<meta property=\"og:site_name\" content=\"Centrum Medycyny Rodzinnej Gda\u0144skiego Uniwersytetu Medycznego\" \/>\n<meta property=\"article:modified_time\" content=\"2025-04-09T13:39:13+00:00\" \/>\n<meta name=\"twitter:card\" content=\"summary_large_image\" \/>\n<meta name=\"twitter:label1\" content=\"Est. reading time\" \/>\n\t<meta name=\"twitter:data1\" content=\"1 minute\" \/>\n<script type=\"application\/ld+json\" class=\"yoast-schema-graph\">{\"@context\":\"https:\/\/schema.org\",\"@graph\":[{\"@type\":\"WebPage\",\"@id\":\"https:\/\/cmr.gumed.edu.pl\/zapisy-do-przychodni\/\",\"url\":\"https:\/\/cmr.gumed.edu.pl\/zapisy-do-przychodni\/\",\"name\":\"ZAPISY DO PRZYCHODNI &#8902; Centrum Medycyny Rodzinnej Gda\u0144skiego Uniwersytetu Medycznego\",\"isPartOf\":{\"@id\":\"https:\/\/cmr.gumed.edu.pl\/#website\"},\"datePublished\":\"2022-11-07T20:42:51+00:00\",\"dateModified\":\"2025-04-09T13:39:13+00:00\",\"description\":\"Jak zapisa\u0107 si\u0119 do przychodni Centrum Medycyny Rodzinnej GUMed? Z\u0142o\u017cy\u0107 osobi\u015bcie w rejestracji przychodni papierow\u0105 deklaracj\u0119 wyboru lekarza, piel\u0119gniarki oraz po\u0142o\u017cnej (dla kobiet) lub z\u0142o\u017cy\u0107 deklaracj\u0119 wyboru przez Internetowe Konto Pacjenta (IKP).\",\"breadcrumb\":{\"@id\":\"https:\/\/cmr.gumed.edu.pl\/zapisy-do-przychodni\/#breadcrumb\"},\"inLanguage\":\"en-US\",\"potentialAction\":[{\"@type\":\"ReadAction\",\"target\":[\"https:\/\/cmr.gumed.edu.pl\/zapisy-do-przychodni\/\"]}]},{\"@type\":\"BreadcrumbList\",\"@id\":\"https:\/\/cmr.gumed.edu.pl\/zapisy-do-przychodni\/#breadcrumb\",\"itemListElement\":[{\"@type\":\"ListItem\",\"position\":1,\"name\":\"Strona g\u0142\u00f3wna\",\"item\":\"https:\/\/cmr.gumed.edu.pl\/\"},{\"@type\":\"ListItem\",\"position\":2,\"name\":\"ZAPISY DO PRZYCHODNI\"}]},{\"@type\":\"WebSite\",\"@id\":\"https:\/\/cmr.gumed.edu.pl\/#website\",\"url\":\"https:\/\/cmr.gumed.edu.pl\/\",\"name\":\"Centrum Medycyny Rodzinnej\",\"description\":\"Centrum Medycyny Rodzinnej Gda\u0144skiego Uniwersytetu Medycznego\",\"publisher\":{\"@id\":\"https:\/\/cmr.gumed.edu.pl\/#organization\"},\"potentialAction\":[{\"@type\":\"SearchAction\",\"target\":{\"@type\":\"EntryPoint\",\"urlTemplate\":\"https:\/\/cmr.gumed.edu.pl\/?s={search_term_string}\"},\"query-input\":\"required name=search_term_string\"}],\"inLanguage\":\"en-US\"},{\"@type\":\"Organization\",\"@id\":\"https:\/\/cmr.gumed.edu.pl\/#organization\",\"name\":\"Centrum Medycyny Rodzinnej GUMed\",\"url\":\"https:\/\/cmr.gumed.edu.pl\/\",\"logo\":{\"@type\":\"ImageObject\",\"inLanguage\":\"en-US\",\"@id\":\"https:\/\/cmr.gumed.edu.pl\/#\/schema\/logo\/image\/\",\"url\":\"https:\/\/cmr.gumed.edu.pl\/wp-content\/uploads\/2021\/02\/GUMed_znak_PL_V_REG_polichromatyczny_negatyw_RGB.svg\",\"contentUrl\":\"https:\/\/cmr.gumed.edu.pl\/wp-content\/uploads\/2021\/02\/GUMed_znak_PL_V_REG_polichromatyczny_negatyw_RGB.svg\",\"width\":1,\"height\":1,\"caption\":\"Centrum Medycyny Rodzinnej GUMed\"},\"image\":{\"@id\":\"https:\/\/cmr.gumed.edu.pl\/#\/schema\/logo\/image\/\"}}]}<\/script>\n<!-- \/ Yoast SEO plugin. -->","yoast_head_json":{"title":"ZAPISY DO PRZYCHODNI &#8902; Centrum Medycyny Rodzinnej Gda\u0144skiego Uniwersytetu Medycznego","description":"Jak zapisa\u0107 si\u0119 do przychodni Centrum Medycyny Rodzinnej GUMed? Z\u0142o\u017cy\u0107 osobi\u015bcie w rejestracji przychodni papierow\u0105 deklaracj\u0119 wyboru lekarza, piel\u0119gniarki oraz po\u0142o\u017cnej (dla kobiet) lub z\u0142o\u017cy\u0107 deklaracj\u0119 wyboru przez Internetowe Konto Pacjenta (IKP).","robots":{"index":"index","follow":"follow","max-snippet":"max-snippet:-1","max-image-preview":"max-image-preview:large","max-video-preview":"max-video-preview:-1"},"canonical":"https:\/\/cmr.gumed.edu.pl\/en\/zapisy-do-przychodni\/","og_locale":"en_US","og_type":"article","og_title":"ZAPISY DO PRZYCHODNI &#8902; Centrum Medycyny Rodzinnej Gda\u0144skiego Uniwersytetu Medycznego","og_description":"Jak zapisa\u0107 si\u0119 do przychodni Centrum Medycyny Rodzinnej GUMed? Z\u0142o\u017cy\u0107 osobi\u015bcie w rejestracji przychodni papierow\u0105 deklaracj\u0119 wyboru lekarza, piel\u0119gniarki oraz po\u0142o\u017cnej (dla kobiet) lub z\u0142o\u017cy\u0107 deklaracj\u0119 wyboru przez Internetowe Konto Pacjenta (IKP).","og_url":"https:\/\/cmr.gumed.edu.pl\/en\/zapisy-do-przychodni\/","og_site_name":"Centrum Medycyny Rodzinnej Gda\u0144skiego Uniwersytetu Medycznego","article_modified_time":"2025-04-09T13:39:13+00:00","twitter_card":"summary_large_image","twitter_misc":{"Est. reading time":"1 minute"},"schema":{"@context":"https:\/\/schema.org","@graph":[{"@type":"WebPage","@id":"https:\/\/cmr.gumed.edu.pl\/zapisy-do-przychodni\/","url":"https:\/\/cmr.gumed.edu.pl\/zapisy-do-przychodni\/","name":"ZAPISY DO PRZYCHODNI &#8902; Centrum Medycyny Rodzinnej Gda\u0144skiego Uniwersytetu Medycznego","isPartOf":{"@id":"https:\/\/cmr.gumed.edu.pl\/#website"},"datePublished":"2022-11-07T20:42:51+00:00","dateModified":"2025-04-09T13:39:13+00:00","description":"Jak zapisa\u0107 si\u0119 do przychodni Centrum Medycyny Rodzinnej GUMed? Z\u0142o\u017cy\u0107 osobi\u015bcie w rejestracji przychodni papierow\u0105 deklaracj\u0119 wyboru lekarza, piel\u0119gniarki oraz po\u0142o\u017cnej (dla kobiet) lub z\u0142o\u017cy\u0107 deklaracj\u0119 wyboru przez Internetowe Konto Pacjenta (IKP).","breadcrumb":{"@id":"https:\/\/cmr.gumed.edu.pl\/zapisy-do-przychodni\/#breadcrumb"},"inLanguage":"en-US","potentialAction":[{"@type":"ReadAction","target":["https:\/\/cmr.gumed.edu.pl\/zapisy-do-przychodni\/"]}]},{"@type":"BreadcrumbList","@id":"https:\/\/cmr.gumed.edu.pl\/zapisy-do-przychodni\/#breadcrumb","itemListElement":[{"@type":"ListItem","position":1,"name":"Strona g\u0142\u00f3wna","item":"https:\/\/cmr.gumed.edu.pl\/"},{"@type":"ListItem","position":2,"name":"ZAPISY DO PRZYCHODNI"}]},{"@type":"WebSite","@id":"https:\/\/cmr.gumed.edu.pl\/#website","url":"https:\/\/cmr.gumed.edu.pl\/","name":"Family Medicine Center","description":"Centrum Medycyny Rodzinnej Gda\u0144skiego Uniwersytetu Medycznego","publisher":{"@id":"https:\/\/cmr.gumed.edu.pl\/#organization"},"potentialAction":[{"@type":"SearchAction","target":{"@type":"EntryPoint","urlTemplate":"https:\/\/cmr.gumed.edu.pl\/?s={search_term_string}"},"query-input":"required name=search_term_string"}],"inLanguage":"en-US"},{"@type":"Organization","@id":"https:\/\/cmr.gumed.edu.pl\/#organization","name":"Centrum Medycyny Rodzinnej GUMed","url":"https:\/\/cmr.gumed.edu.pl\/","logo":{"@type":"ImageObject","inLanguage":"en-US","@id":"https:\/\/cmr.gumed.edu.pl\/#\/schema\/logo\/image\/","url":"https:\/\/cmr.gumed.edu.pl\/wp-content\/uploads\/2021\/02\/GUMed_znak_PL_V_REG_polichromatyczny_negatyw_RGB.svg","contentUrl":"https:\/\/cmr.gumed.edu.pl\/wp-content\/uploads\/2021\/02\/GUMed_znak_PL_V_REG_polichromatyczny_negatyw_RGB.svg","width":1,"height":1,"caption":"Centrum Medycyny Rodzinnej GUMed"},"image":{"@id":"https:\/\/cmr.gumed.edu.pl\/#\/schema\/logo\/image\/"}}]}},"_links":{"self":[{"href":"https:\/\/cmr.gumed.edu.pl\/en\/wp-json\/wp\/v2\/pages\/2418"}],"collection":[{"href":"https:\/\/cmr.gumed.edu.pl\/en\/wp-json\/wp\/v2\/pages"}],"about":[{"href":"https:\/\/cmr.gumed.edu.pl\/en\/wp-json\/wp\/v2\/types\/page"}],"author":[{"embeddable":true,"href":"https:\/\/cmr.gumed.edu.pl\/en\/wp-json\/wp\/v2\/users\/6"}],"replies":[{"embeddable":true,"href":"https:\/\/cmr.gumed.edu.pl\/en\/wp-json\/wp\/v2\/comments?post=2418"}],"version-history":[{"count":32,"href":"https:\/\/cmr.gumed.edu.pl\/en\/wp-json\/wp\/v2\/pages\/2418\/revisions"}],"predecessor-version":[{"id":2715,"href":"https:\/\/cmr.gumed.edu.pl\/en\/wp-json\/wp\/v2\/pages\/2418\/revisions\/2715"}],"wp:attachment":[{"href":"https:\/\/cmr.gumed.edu.pl\/en\/wp-json\/wp\/v2\/media?parent=2418"}],"curies":[{"name":"wp","href":"https:\/\/api.w.org\/{rel}","templated":true}]}}