{"id":281,"date":"2020-04-27T10:24:32","date_gmt":"2020-04-27T08:24:32","guid":{"rendered":"https:\/\/admin.antrez.pl:44344\/cmr\/?page_id=281"},"modified":"2023-05-19T13:27:41","modified_gmt":"2023-05-19T11:27:41","slug":"dla-pacjenta","status":"publish","type":"page","link":"https:\/\/cmr.gumed.edu.pl\/en\/dla-pacjenta\/","title":{"rendered":"Dla pacjenta"},"content":{"rendered":"<div data-elementor-type=\"wp-page\" data-elementor-id=\"281\" class=\"elementor elementor-281\">\n\t\t\t\t\t\t<section class=\"elementor-section elementor-top-section elementor-element elementor-element-5d8a10a elementor-section-boxed elementor-section-height-default elementor-section-height-default\" data-id=\"5d8a10a\" data-element_type=\"section\">\n\t\t\t\t\t\t<div class=\"elementor-container elementor-column-gap-default\">\n\t\t\t\t\t<div class=\"elementor-column elementor-col-100 elementor-top-column elementor-element elementor-element-d8f3dad\" data-id=\"d8f3dad\" data-element_type=\"column\">\n\t\t\t<div class=\"elementor-widget-wrap elementor-element-populated\">\n\t\t\t\t\t\t<div class=\"elementor-element elementor-element-7545213 elementor-widget elementor-widget-heading\" data-id=\"7545213\" data-element_type=\"widget\" data-widget_type=\"heading.default\">\n\t\t\t\t<div class=\"elementor-widget-container\">\n\t\t\t\t\t<h1 class=\"elementor-heading-title elementor-size-default\">Informacje dla pacjenta<\/h1>\t\t\t\t<\/div>\n\t\t\t\t<\/div>\n\t\t\t\t\t<\/div>\n\t\t<\/div>\n\t\t\t\t\t<\/div>\n\t\t<\/section>\n\t\t\t\t<section class=\"elementor-section elementor-top-section elementor-element elementor-element-338ba97 elementor-section-boxed elementor-section-height-default elementor-section-height-default\" data-id=\"338ba97\" data-element_type=\"section\">\n\t\t\t\t\t\t<div class=\"elementor-container elementor-column-gap-default\">\n\t\t\t\t\t<div class=\"elementor-column elementor-col-100 elementor-top-column elementor-element elementor-element-b358bc7\" data-id=\"b358bc7\" data-element_type=\"column\">\n\t\t\t<div class=\"elementor-widget-wrap elementor-element-populated\">\n\t\t\t\t\t\t<div class=\"elementor-element elementor-element-0a30351 elementor-widget elementor-widget-text-editor\" data-id=\"0a30351\" data-element_type=\"widget\" data-widget_type=\"text-editor.default\">\n\t\t\t\t<div class=\"elementor-widget-container\">\n\t\t\t\t\t\t\t\t\t<ol><li><a href=\"\/wp-content\/uploads\/2020\/04\/zmiana_ustawy_o_prawach_pacjenta_i_rzeczniku_praw_19052017.pdf\" target=\"_blank\" rel=\"noopener\">Karta praw pacjenta<\/a>.<\/li><li>Prosimy zg\u0142asza\u0107 si\u0119 do rejestracji przed wizyt\u0105 u lekarza z wa\u017cn\u0105 legitymacja ubezpieczeniow\u0105 lub innym dowodem ubezpieczenia (do zwolnie\u0144 lekarskich wymagany jest NIP zak\u0142adu pracy).<\/li><li>Prosimy o przynoszenie do lekarza kart konsultacyjnych od specjalist\u00f3w, kart konsultacyjnych z dy\u017cur\u00f3w szpitalnych oraz kserokopii wypis\u00f3w ze szpitala lub sanatorium, wynik\u00f3w zleconych bada\u0144.<\/li><li>Prosimy pacjent\u00f3w deklaruj\u0105cych si\u0119 do naszej przychodni o posiadanie dokumentu ubezpieczenia oraz orygina\u0142\u00f3w kart szczepie\u0144 dzieci.<\/li><li>Dla poprawy satysfakcji naszych pacjent\u00f3w prosimy pacjent\u00f3w nie zarejestrowanych na konkretn\u0105 godzin\u0119 o zg\u0142aszanie swoich potrzeb w recepcji.<\/li><li>Ze wzgl\u0119du na ramy czasowe wizyt prosimy nie za\u0142atwia\u0107 wielu spraw jednocze\u015bnie. Lekarz um\u00f3wi na wizyt\u0119 powt\u00f3rnie.<\/li><li>Szczepienia m\u0142odzie\u017cy i doros\u0142ych odbywaj\u0105 si\u0119 na bie\u017c\u0105co.<\/li><li>Wizyty domowe prosimy zg\u0142asza\u0107 do godz. 10.00.<\/li><li>Prosimy pacjent\u00f3w stosuj\u0105cych przewlekle leki, aby dla w\u0142asnego bezpiecze\u0144stwa zg\u0142aszali zapotrzebowanie na recepty kilka dni wcze\u015bniej.<\/li><li>Prosimy odwo\u0142ywa\u0107 telefonicznie wizyty, z kt\u00f3rych pa\u0144stwo rezygnuj\u0105.<\/li><\/ol><h2>PLIKI DO POBRANIA<\/h2><ul><li><a href=\"https:\/\/cmr.gumed.edu.pl\/wp-content\/uploads\/2021\/04\/kwestionariusz_09042021.pdf\" target=\"_blank\" rel=\"noopener\">Karta kwalifikacji do szczepienia przeciwko COVID19<\/a><\/li><li><a href=\"https:\/\/cmr.gumed.edu.pl\/wp-content\/uploads\/2021\/04\/zgoda-rodo-COVID-19.docx\" target=\"_blank\" rel=\"noopener\">Zgoda RODO COVID19<\/a><\/li><li><a href=\"https:\/\/cmr.gumed.edu.pl\/wp-content\/uploads\/2022\/11\/deklaracja-lekarz.pdf\" target=\"_blank\" rel=\"noopener\">Deklaracja wyboru lekarza<\/a>.<\/li><li><a href=\"https:\/\/cmr.gumed.edu.pl\/wp-content\/uploads\/2022\/11\/deklaracja-pielegniarka.pdf\" target=\"_blank\" rel=\"noopener\">Deklaracja wyboru piel\u0119gniarki<\/a>.<\/li><li><a href=\"https:\/\/cmr.gumed.edu.pl\/wp-content\/uploads\/2022\/11\/deklaracja-polozna.pdf\" target=\"_blank\" rel=\"noopener\">Deklaracja wyboru po\u0142o\u017cnej.<\/a><\/li><li><a href=\"\/wp-content\/uploads\/2020\/04\/instrukcja-deklaracje.pdf\" target=\"_blank\" rel=\"noopener\">Instrukcja wype\u0142nienia<\/a>.<\/li><li><a href=\"\/wp-content\/uploads\/2020\/04\/rezygnacja-z-wyboru.pdf\" target=\"_blank\" rel=\"noopener\">Rezygnacja z wyboru lekarza \/ piel\u0119gniarki \/ po\u0142o\u017cnej podstawowej opieki zdrowotnej<\/a>.<\/li><li><a href=\"\/wp-content\/uploads\/2020\/04\/skierowanie-na-badanie-profilaktyczne.pdf\" target=\"_blank\" rel=\"noopener\">Skierowanie na badanie profilaktyczne<\/a>.<\/li><li><a href=\"\/wp-content\/uploads\/2020\/04\/upowaznienie-do-odbioru-dokumentacji-medycznej.pdf\" target=\"_blank\" rel=\"noopener\">Upowa\u017cnienie do odbioru dokumentacji medycznej<\/a>.<\/li><li><a href=\"\/wp-content\/uploads\/2020\/04\/wniosek-EKUZ-ubezpieczony-wyjazd-turystyczny.pdf\" target=\"_blank\" rel=\"noopener\">Wniosek o wydanie Europejskiej Karty Ubezpieczenia Zdrowotnego<\/a>.<\/li><li><a href=\"\/wp-content\/uploads\/2020\/04\/Wniosek-o-zwrot-kosztow-leczenia.pdf\" target=\"_blank\" rel=\"noopener\">Wniosek o zwrot koszt\u00f3w leczenia<\/a>.<\/li><li><a href=\"\/wp-content\/uploads\/2020\/04\/grupy_ubezpieczonych.pdf\" target=\"_blank\" rel=\"noopener\">Wykaz dokument\u00f3w, kt\u00f3re mog\u0105 by\u0107 dowodem ubezpieczenia dla poszczeg\u00f3lnych grup ubezpieczonych<\/a>.<\/li><\/ul><p><strong>Dzi\u0119kujemy<\/strong><\/p>\t\t\t\t\t\t\t\t<\/div>\n\t\t\t\t<\/div>\n\t\t\t\t\t<\/div>\n\t\t<\/div>\n\t\t\t\t\t<\/div>\n\t\t<\/section>\n\t\t\t\t<\/div>","protected":false},"excerpt":{"rendered":"<p>Informacje dla pacjenta Karta praw pacjenta. Prosimy zg\u0142asza\u0107 si\u0119 do rejestracji przed wizyt\u0105 u lekarza z wa\u017cn\u0105 legitymacja ubezpieczeniow\u0105 lub innym dowodem ubezpieczenia (do zwolnie\u0144 lekarskich wymagany jest NIP zak\u0142adu pracy). Prosimy o przynoszenie do lekarza kart konsultacyjnych od specjalist\u00f3w, kart konsultacyjnych z dy\u017cur\u00f3w szpitalnych oraz kserokopii wypis\u00f3w ze szpitala lub sanatorium, wynik\u00f3w zleconych bada\u0144. &hellip;<\/p>\n<p class=\"read-more\"> <a class=\"\" href=\"https:\/\/cmr.gumed.edu.pl\/en\/dla-pacjenta\/\"> <span class=\"screen-reader-text\">Dla pacjenta<\/span> Read More &raquo;<\/a><\/p>","protected":false},"author":2,"featured_media":0,"parent":0,"menu_order":0,"comment_status":"closed","ping_status":"closed","template":"","meta":{"site-sidebar-layout":"no-sidebar","site-content-layout":"content-boxed-container","ast-site-content-layout":"","site-content-style":"default","site-sidebar-style":"default","ast-global-header-display":"","ast-banner-title-visibility":"","ast-main-header-display":"","ast-hfb-above-header-display":"","ast-hfb-below-header-display":"","ast-hfb-mobile-header-display":"","site-post-title":"","ast-breadcrumbs-content":"","ast-featured-img":"disabled","footer-sml-layout":"","theme-transparent-header-meta":"default","adv-header-id-meta":"","stick-header-meta":"","header-above-stick-meta":"","header-main-stick-meta":"","header-below-stick-meta":"","astra-migrate-meta-layouts":"","ast-page-background-enabled":"default","ast-page-background-meta":{"desktop":{"background-color":"","background-image":"","background-repeat":"repeat","background-position":"center center","background-size":"auto","background-attachment":"scroll","background-type":"","background-media":"","overlay-type":"","overlay-color":"","overlay-gradient":""},"tablet":{"background-color":"","background-image":"","background-repeat":"repeat","background-position":"center center","background-size":"auto","background-attachment":"scroll","background-type":"","background-media":"","overlay-type":"","overlay-color":"","overlay-gradient":""},"mobile":{"background-color":"","background-image":"","background-repeat":"repeat","background-position":"center center","background-size":"auto","background-attachment":"scroll","background-type":"","background-media":"","overlay-type":"","overlay-color":"","overlay-gradient":""}},"ast-content-background-meta":{"desktop":{"background-color":"var(--ast-global-color-5)","background-image":"","background-repeat":"repeat","background-position":"center center","background-size":"auto","background-attachment":"scroll","background-type":"","background-media":"","overlay-type":"","overlay-color":"","overlay-gradient":""},"tablet":{"background-color":"var(--ast-global-color-5)","background-image":"","background-repeat":"repeat","background-position":"center center","background-size":"auto","background-attachment":"scroll","background-type":"","background-media":"","overlay-type":"","overlay-color":"","overlay-gradient":""},"mobile":{"background-color":"var(--ast-global-color-5)","background-image":"","background-repeat":"repeat","background-position":"center center","background-size":"auto","background-attachment":"scroll","background-type":"","background-media":"","overlay-type":"","overlay-color":"","overlay-gradient":""}},"footnotes":""},"yoast_head":"<!-- This site is optimized with the Yoast SEO plugin v22.6 - https:\/\/yoast.com\/wordpress\/plugins\/seo\/ -->\n<title>Dla pacjenta &#8902; Centrum Medycyny Rodzinnej Gda\u0144skiego Uniwersytetu Medycznego<\/title>\n<meta name=\"description\" content=\"Centrum Medycyny Rodzinnej Gda\u0144skiego Uniwersytetu Medycznego, ul. D\u0119binki 7, 80-211 Gda\u0144sk. Informacje dla pacjent\u00f3w.\" \/>\n<meta name=\"robots\" content=\"index, follow, max-snippet:-1, max-image-preview:large, max-video-preview:-1\" \/>\n<link rel=\"canonical\" href=\"https:\/\/cmr.gumed.edu.pl\/en\/dla-pacjenta\/\" \/>\n<meta property=\"og:locale\" content=\"en_US\" \/>\n<meta property=\"og:type\" content=\"article\" \/>\n<meta property=\"og:title\" content=\"Dla pacjenta &#8902; Centrum Medycyny Rodzinnej Gda\u0144skiego Uniwersytetu Medycznego\" \/>\n<meta property=\"og:description\" content=\"Centrum Medycyny Rodzinnej Gda\u0144skiego Uniwersytetu Medycznego, ul. D\u0119binki 7, 80-211 Gda\u0144sk. Informacje dla pacjent\u00f3w.\" \/>\n<meta property=\"og:url\" content=\"https:\/\/cmr.gumed.edu.pl\/en\/dla-pacjenta\/\" \/>\n<meta property=\"og:site_name\" content=\"Centrum Medycyny Rodzinnej Gda\u0144skiego Uniwersytetu Medycznego\" \/>\n<meta property=\"article:modified_time\" content=\"2023-05-19T11:27:41+00:00\" \/>\n<meta name=\"twitter:card\" content=\"summary_large_image\" \/>\n<meta name=\"twitter:label1\" content=\"Est. reading time\" \/>\n\t<meta name=\"twitter:data1\" content=\"1 minute\" \/>\n<script type=\"application\/ld+json\" class=\"yoast-schema-graph\">{\"@context\":\"https:\/\/schema.org\",\"@graph\":[{\"@type\":\"WebPage\",\"@id\":\"https:\/\/cmr.gumed.edu.pl\/dla-pacjenta\/\",\"url\":\"https:\/\/cmr.gumed.edu.pl\/dla-pacjenta\/\",\"name\":\"Dla pacjenta &#8902; Centrum Medycyny Rodzinnej Gda\u0144skiego Uniwersytetu Medycznego\",\"isPartOf\":{\"@id\":\"https:\/\/cmr.gumed.edu.pl\/#website\"},\"datePublished\":\"2020-04-27T08:24:32+00:00\",\"dateModified\":\"2023-05-19T11:27:41+00:00\",\"description\":\"Centrum Medycyny Rodzinnej Gda\u0144skiego Uniwersytetu Medycznego, ul. D\u0119binki 7, 80-211 Gda\u0144sk. Informacje dla pacjent\u00f3w.\",\"breadcrumb\":{\"@id\":\"https:\/\/cmr.gumed.edu.pl\/dla-pacjenta\/#breadcrumb\"},\"inLanguage\":\"en-US\",\"potentialAction\":[{\"@type\":\"ReadAction\",\"target\":[\"https:\/\/cmr.gumed.edu.pl\/dla-pacjenta\/\"]}]},{\"@type\":\"BreadcrumbList\",\"@id\":\"https:\/\/cmr.gumed.edu.pl\/dla-pacjenta\/#breadcrumb\",\"itemListElement\":[{\"@type\":\"ListItem\",\"position\":1,\"name\":\"Strona g\u0142\u00f3wna\",\"item\":\"https:\/\/cmr.gumed.edu.pl\/\"},{\"@type\":\"ListItem\",\"position\":2,\"name\":\"Dla pacjenta\"}]},{\"@type\":\"WebSite\",\"@id\":\"https:\/\/cmr.gumed.edu.pl\/#website\",\"url\":\"https:\/\/cmr.gumed.edu.pl\/\",\"name\":\"Centrum Medycyny Rodzinnej\",\"description\":\"Centrum Medycyny Rodzinnej Gda\u0144skiego Uniwersytetu Medycznego\",\"publisher\":{\"@id\":\"https:\/\/cmr.gumed.edu.pl\/#organization\"},\"potentialAction\":[{\"@type\":\"SearchAction\",\"target\":{\"@type\":\"EntryPoint\",\"urlTemplate\":\"https:\/\/cmr.gumed.edu.pl\/?s={search_term_string}\"},\"query-input\":\"required name=search_term_string\"}],\"inLanguage\":\"en-US\"},{\"@type\":\"Organization\",\"@id\":\"https:\/\/cmr.gumed.edu.pl\/#organization\",\"name\":\"Centrum Medycyny Rodzinnej GUMed\",\"url\":\"https:\/\/cmr.gumed.edu.pl\/\",\"logo\":{\"@type\":\"ImageObject\",\"inLanguage\":\"en-US\",\"@id\":\"https:\/\/cmr.gumed.edu.pl\/#\/schema\/logo\/image\/\",\"url\":\"https:\/\/cmr.gumed.edu.pl\/wp-content\/uploads\/2021\/02\/GUMed_znak_PL_V_REG_polichromatyczny_negatyw_RGB.svg\",\"contentUrl\":\"https:\/\/cmr.gumed.edu.pl\/wp-content\/uploads\/2021\/02\/GUMed_znak_PL_V_REG_polichromatyczny_negatyw_RGB.svg\",\"width\":1,\"height\":1,\"caption\":\"Centrum Medycyny Rodzinnej GUMed\"},\"image\":{\"@id\":\"https:\/\/cmr.gumed.edu.pl\/#\/schema\/logo\/image\/\"}}]}<\/script>\n<!-- \/ Yoast SEO plugin. -->","yoast_head_json":{"title":"Dla pacjenta &#8902; Centrum Medycyny Rodzinnej Gda\u0144skiego Uniwersytetu Medycznego","description":"Centrum Medycyny Rodzinnej Gda\u0144skiego Uniwersytetu Medycznego, ul. D\u0119binki 7, 80-211 Gda\u0144sk. Informacje dla pacjent\u00f3w.","robots":{"index":"index","follow":"follow","max-snippet":"max-snippet:-1","max-image-preview":"max-image-preview:large","max-video-preview":"max-video-preview:-1"},"canonical":"https:\/\/cmr.gumed.edu.pl\/en\/dla-pacjenta\/","og_locale":"en_US","og_type":"article","og_title":"Dla pacjenta &#8902; Centrum Medycyny Rodzinnej Gda\u0144skiego Uniwersytetu Medycznego","og_description":"Centrum Medycyny Rodzinnej Gda\u0144skiego Uniwersytetu Medycznego, ul. D\u0119binki 7, 80-211 Gda\u0144sk. Informacje dla pacjent\u00f3w.","og_url":"https:\/\/cmr.gumed.edu.pl\/en\/dla-pacjenta\/","og_site_name":"Centrum Medycyny Rodzinnej Gda\u0144skiego Uniwersytetu Medycznego","article_modified_time":"2023-05-19T11:27:41+00:00","twitter_card":"summary_large_image","twitter_misc":{"Est. reading time":"1 minute"},"schema":{"@context":"https:\/\/schema.org","@graph":[{"@type":"WebPage","@id":"https:\/\/cmr.gumed.edu.pl\/dla-pacjenta\/","url":"https:\/\/cmr.gumed.edu.pl\/dla-pacjenta\/","name":"Dla pacjenta &#8902; Centrum Medycyny Rodzinnej Gda\u0144skiego Uniwersytetu Medycznego","isPartOf":{"@id":"https:\/\/cmr.gumed.edu.pl\/#website"},"datePublished":"2020-04-27T08:24:32+00:00","dateModified":"2023-05-19T11:27:41+00:00","description":"Centrum Medycyny Rodzinnej Gda\u0144skiego Uniwersytetu Medycznego, ul. D\u0119binki 7, 80-211 Gda\u0144sk. Informacje dla pacjent\u00f3w.","breadcrumb":{"@id":"https:\/\/cmr.gumed.edu.pl\/dla-pacjenta\/#breadcrumb"},"inLanguage":"en-US","potentialAction":[{"@type":"ReadAction","target":["https:\/\/cmr.gumed.edu.pl\/dla-pacjenta\/"]}]},{"@type":"BreadcrumbList","@id":"https:\/\/cmr.gumed.edu.pl\/dla-pacjenta\/#breadcrumb","itemListElement":[{"@type":"ListItem","position":1,"name":"Strona g\u0142\u00f3wna","item":"https:\/\/cmr.gumed.edu.pl\/"},{"@type":"ListItem","position":2,"name":"Dla pacjenta"}]},{"@type":"WebSite","@id":"https:\/\/cmr.gumed.edu.pl\/#website","url":"https:\/\/cmr.gumed.edu.pl\/","name":"Family Medicine Center","description":"Centrum Medycyny Rodzinnej Gda\u0144skiego Uniwersytetu Medycznego","publisher":{"@id":"https:\/\/cmr.gumed.edu.pl\/#organization"},"potentialAction":[{"@type":"SearchAction","target":{"@type":"EntryPoint","urlTemplate":"https:\/\/cmr.gumed.edu.pl\/?s={search_term_string}"},"query-input":"required name=search_term_string"}],"inLanguage":"en-US"},{"@type":"Organization","@id":"https:\/\/cmr.gumed.edu.pl\/#organization","name":"Centrum Medycyny Rodzinnej GUMed","url":"https:\/\/cmr.gumed.edu.pl\/","logo":{"@type":"ImageObject","inLanguage":"en-US","@id":"https:\/\/cmr.gumed.edu.pl\/#\/schema\/logo\/image\/","url":"https:\/\/cmr.gumed.edu.pl\/wp-content\/uploads\/2021\/02\/GUMed_znak_PL_V_REG_polichromatyczny_negatyw_RGB.svg","contentUrl":"https:\/\/cmr.gumed.edu.pl\/wp-content\/uploads\/2021\/02\/GUMed_znak_PL_V_REG_polichromatyczny_negatyw_RGB.svg","width":1,"height":1,"caption":"Centrum Medycyny Rodzinnej GUMed"},"image":{"@id":"https:\/\/cmr.gumed.edu.pl\/#\/schema\/logo\/image\/"}}]}},"_links":{"self":[{"href":"https:\/\/cmr.gumed.edu.pl\/en\/wp-json\/wp\/v2\/pages\/281"}],"collection":[{"href":"https:\/\/cmr.gumed.edu.pl\/en\/wp-json\/wp\/v2\/pages"}],"about":[{"href":"https:\/\/cmr.gumed.edu.pl\/en\/wp-json\/wp\/v2\/types\/page"}],"author":[{"embeddable":true,"href":"https:\/\/cmr.gumed.edu.pl\/en\/wp-json\/wp\/v2\/users\/2"}],"replies":[{"embeddable":true,"href":"https:\/\/cmr.gumed.edu.pl\/en\/wp-json\/wp\/v2\/comments?post=281"}],"version-history":[{"count":68,"href":"https:\/\/cmr.gumed.edu.pl\/en\/wp-json\/wp\/v2\/pages\/281\/revisions"}],"predecessor-version":[{"id":2527,"href":"https:\/\/cmr.gumed.edu.pl\/en\/wp-json\/wp\/v2\/pages\/281\/revisions\/2527"}],"wp:attachment":[{"href":"https:\/\/cmr.gumed.edu.pl\/en\/wp-json\/wp\/v2\/media?parent=281"}],"curies":[{"name":"wp","href":"https:\/\/api.w.org\/{rel}","templated":true}]}}