{"id":375,"date":"2020-04-27T22:49:29","date_gmt":"2020-04-27T20:49:29","guid":{"rendered":"https:\/\/admin.antrez.pl:44344\/cmr\/?page_id=375"},"modified":"2022-11-07T22:17:55","modified_gmt":"2022-11-07T21:17:55","slug":"pacjent","status":"publish","type":"page","link":"https:\/\/cmr.gumed.edu.pl\/en\/pacjent\/","title":{"rendered":"Pacjent"},"content":{"rendered":"<div data-elementor-type=\"wp-page\" data-elementor-id=\"375\" class=\"elementor elementor-375\">\n\t\t\t\t\t\t<section class=\"elementor-section elementor-top-section elementor-element elementor-element-fef01d1 elementor-section-boxed elementor-section-height-default elementor-section-height-default\" data-id=\"fef01d1\" data-element_type=\"section\">\n\t\t\t\t\t\t<div class=\"elementor-container elementor-column-gap-default\">\n\t\t\t\t\t<div class=\"elementor-column elementor-col-100 elementor-top-column elementor-element elementor-element-fc52f2e\" data-id=\"fc52f2e\" data-element_type=\"column\">\n\t\t\t<div class=\"elementor-widget-wrap elementor-element-populated\">\n\t\t\t\t\t\t<div class=\"elementor-element elementor-element-ddab5fb elementor-widget elementor-widget-heading\" data-id=\"ddab5fb\" data-element_type=\"widget\" data-widget_type=\"heading.default\">\n\t\t\t\t<div class=\"elementor-widget-container\">\n\t\t\t\t\t<h2 class=\"elementor-heading-title elementor-size-default\"><a href=\"index.php\/dla-pacjenta\">FOR THE PATIENT<\/a><\/h2>\t\t\t\t<\/div>\n\t\t\t\t<\/div>\n\t\t\t\t\t<\/div>\n\t\t<\/div>\n\t\t\t\t\t<\/div>\n\t\t<\/section>\n\t\t\t\t<section class=\"elementor-section elementor-top-section elementor-element elementor-element-b1be2ad elementor-section-boxed elementor-section-height-default elementor-section-height-default\" data-id=\"b1be2ad\" data-element_type=\"section\">\n\t\t\t\t\t\t<div class=\"elementor-container elementor-column-gap-default\">\n\t\t\t\t\t<div class=\"elementor-column elementor-col-100 elementor-top-column elementor-element elementor-element-6c61826\" data-id=\"6c61826\" data-element_type=\"column\">\n\t\t\t<div class=\"elementor-widget-wrap elementor-element-populated\">\n\t\t\t\t\t\t<div class=\"elementor-element elementor-element-f59659f elementor-widget elementor-widget-heading\" data-id=\"f59659f\" data-element_type=\"widget\" data-widget_type=\"heading.default\">\n\t\t\t\t<div class=\"elementor-widget-container\">\n\t\t\t\t\t<h2 class=\"elementor-heading-title elementor-size-default\"><a href=\"index.php\/zapisy-do-przychodni\">ZAPISY DO PRZYCHODNI<\/a><\/h2>\t\t\t\t<\/div>\n\t\t\t\t<\/div>\n\t\t\t\t\t<\/div>\n\t\t<\/div>\n\t\t\t\t\t<\/div>\n\t\t<\/section>\n\t\t\t\t<section class=\"elementor-section elementor-top-section elementor-element elementor-element-677ccdf elementor-section-boxed elementor-section-height-default elementor-section-height-default\" data-id=\"677ccdf\" data-element_type=\"section\">\n\t\t\t\t\t\t<div class=\"elementor-container elementor-column-gap-default\">\n\t\t\t\t\t<div class=\"elementor-column elementor-col-100 elementor-top-column elementor-element elementor-element-bb09284\" data-id=\"bb09284\" data-element_type=\"column\">\n\t\t\t<div class=\"elementor-widget-wrap elementor-element-populated\">\n\t\t\t\t\t\t<div class=\"elementor-element elementor-element-1c285b2 elementor-widget elementor-widget-heading\" data-id=\"1c285b2\" data-element_type=\"widget\" data-widget_type=\"heading.default\">\n\t\t\t\t<div class=\"elementor-widget-container\">\n\t\t\t\t\t<h2 class=\"elementor-heading-title elementor-size-default\"><a href=\"index.php\/godziny-przyjec\">ADMISSION HOURS<\/a><\/h2>\t\t\t\t<\/div>\n\t\t\t\t<\/div>\n\t\t\t\t\t<\/div>\n\t\t<\/div>\n\t\t\t\t\t<\/div>\n\t\t<\/section>\n\t\t\t\t<section class=\"elementor-section elementor-top-section elementor-element elementor-element-ae7b3fe elementor-section-boxed elementor-section-height-default elementor-section-height-default\" data-id=\"ae7b3fe\" data-element_type=\"section\">\n\t\t\t\t\t\t<div class=\"elementor-container elementor-column-gap-default\">\n\t\t\t\t\t<div class=\"elementor-column elementor-col-100 elementor-top-column elementor-element elementor-element-c35d9ca\" data-id=\"c35d9ca\" data-element_type=\"column\">\n\t\t\t<div class=\"elementor-widget-wrap elementor-element-populated\">\n\t\t\t\t\t\t<div class=\"elementor-element elementor-element-f798233 elementor-widget elementor-widget-heading\" data-id=\"f798233\" data-element_type=\"widget\" data-widget_type=\"heading.default\">\n\t\t\t\t<div class=\"elementor-widget-container\">\n\t\t\t\t\t<h2 class=\"elementor-heading-title elementor-size-default\"><a href=\"index.php\/medycyna-pracy\/\">PREVENTIVE EXAMINATION CARD<\/a><\/h2>\t\t\t\t<\/div>\n\t\t\t\t<\/div>\n\t\t\t\t\t<\/div>\n\t\t<\/div>\n\t\t\t\t\t<\/div>\n\t\t<\/section>\n\t\t\t\t<section class=\"elementor-section elementor-top-section elementor-element elementor-element-04126e2 elementor-section-boxed elementor-section-height-default elementor-section-height-default\" data-id=\"04126e2\" data-element_type=\"section\">\n\t\t\t\t\t\t<div class=\"elementor-container elementor-column-gap-default\">\n\t\t\t\t\t<div class=\"elementor-column elementor-col-100 elementor-top-column elementor-element elementor-element-5331db8\" data-id=\"5331db8\" data-element_type=\"column\">\n\t\t\t<div class=\"elementor-widget-wrap elementor-element-populated\">\n\t\t\t\t\t\t<div class=\"elementor-element elementor-element-c9c15b4 elementor-widget elementor-widget-heading\" data-id=\"c9c15b4\" data-element_type=\"widget\" data-widget_type=\"heading.default\">\n\t\t\t\t<div class=\"elementor-widget-container\">\n\t\t\t\t\t<h2 class=\"elementor-heading-title elementor-size-default\"><a href=\"index.php\/ochrona-danych-osobowych\/\">OCHRONA DANYCH OSOBOWYCH<\/a><\/h2>\t\t\t\t<\/div>\n\t\t\t\t<\/div>\n\t\t\t\t\t<\/div>\n\t\t<\/div>\n\t\t\t\t\t<\/div>\n\t\t<\/section>\n\t\t\t\t<\/div>","protected":false},"excerpt":{"rendered":"<p>DLA PACJENTA ZAPISY DO PRZYCHODNI GODZINY PRZYJ\u0118\u0106 KARTA MEDYCYNY PRACY OCHRONA DANYCH OSOBOWYCH<\/p>","protected":false},"author":4,"featured_media":0,"parent":0,"menu_order":0,"comment_status":"closed","ping_status":"closed","template":"","meta":{"site-sidebar-layout":"no-sidebar","site-content-layout":"content-boxed-container","ast-site-content-layout":"","site-content-style":"default","site-sidebar-style":"default","ast-global-header-display":"","ast-banner-title-visibility":"","ast-main-header-display":"","ast-hfb-above-header-display":"","ast-hfb-below-header-display":"","ast-hfb-mobile-header-display":"","site-post-title":"disabled","ast-breadcrumbs-content":"","ast-featured-img":"disabled","footer-sml-layout":"","theme-transparent-header-meta":"default","adv-header-id-meta":"","stick-header-meta":"","header-above-stick-meta":"","header-main-stick-meta":"","header-below-stick-meta":"","astra-migrate-meta-layouts":"","ast-page-background-enabled":"default","ast-page-background-meta":{"desktop":{"background-color":"","background-image":"","background-repeat":"repeat","background-position":"center center","background-size":"auto","background-attachment":"scroll","background-type":"","background-media":"","overlay-type":"","overlay-color":"","overlay-gradient":""},"tablet":{"background-color":"","background-image":"","background-repeat":"repeat","background-position":"center center","background-size":"auto","background-attachment":"scroll","background-type":"","background-media":"","overlay-type":"","overlay-color":"","overlay-gradient":""},"mobile":{"background-color":"","background-image":"","background-repeat":"repeat","background-position":"center center","background-size":"auto","background-attachment":"scroll","background-type":"","background-media":"","overlay-type":"","overlay-color":"","overlay-gradient":""}},"ast-content-background-meta":{"desktop":{"background-color":"var(--ast-global-color-5)","background-image":"","background-repeat":"repeat","background-position":"center center","background-size":"auto","background-attachment":"scroll","background-type":"","background-media":"","overlay-type":"","overlay-color":"","overlay-gradient":""},"tablet":{"background-color":"var(--ast-global-color-5)","background-image":"","background-repeat":"repeat","background-position":"center center","background-size":"auto","background-attachment":"scroll","background-type":"","background-media":"","overlay-type":"","overlay-color":"","overlay-gradient":""},"mobile":{"background-color":"var(--ast-global-color-5)","background-image":"","background-repeat":"repeat","background-position":"center center","background-size":"auto","background-attachment":"scroll","background-type":"","background-media":"","overlay-type":"","overlay-color":"","overlay-gradient":""}},"footnotes":""},"yoast_head":"<!-- This site is optimized with the Yoast SEO plugin v22.6 - https:\/\/yoast.com\/wordpress\/plugins\/seo\/ -->\n<title>Pacjent &#8902; Centrum Medycyny Rodzinnej Gda\u0144skiego Uniwersytetu Medycznego<\/title>\n<meta name=\"robots\" content=\"index, follow, max-snippet:-1, max-image-preview:large, max-video-preview:-1\" \/>\n<link rel=\"canonical\" href=\"https:\/\/cmr.gumed.edu.pl\/en\/pacjent\/\" \/>\n<meta property=\"og:locale\" content=\"en_US\" \/>\n<meta property=\"og:type\" content=\"article\" \/>\n<meta property=\"og:title\" content=\"Pacjent &#8902; Centrum Medycyny Rodzinnej Gda\u0144skiego Uniwersytetu Medycznego\" \/>\n<meta property=\"og:description\" content=\"DLA PACJENTA ZAPISY DO PRZYCHODNI GODZINY PRZYJ\u0118\u0106 KARTA MEDYCYNY PRACY OCHRONA DANYCH OSOBOWYCH\" \/>\n<meta property=\"og:url\" content=\"https:\/\/cmr.gumed.edu.pl\/en\/pacjent\/\" \/>\n<meta property=\"og:site_name\" content=\"Centrum Medycyny Rodzinnej Gda\u0144skiego Uniwersytetu Medycznego\" \/>\n<meta property=\"article:modified_time\" content=\"2022-11-07T21:17:55+00:00\" \/>\n<meta name=\"twitter:card\" content=\"summary_large_image\" \/>\n<meta name=\"twitter:label1\" content=\"Est. reading time\" \/>\n\t<meta name=\"twitter:data1\" content=\"1 minute\" \/>\n<script type=\"application\/ld+json\" class=\"yoast-schema-graph\">{\"@context\":\"https:\/\/schema.org\",\"@graph\":[{\"@type\":\"WebPage\",\"@id\":\"https:\/\/cmr.gumed.edu.pl\/pacjent\/\",\"url\":\"https:\/\/cmr.gumed.edu.pl\/pacjent\/\",\"name\":\"Pacjent &#8902; Centrum Medycyny Rodzinnej Gda\u0144skiego Uniwersytetu Medycznego\",\"isPartOf\":{\"@id\":\"https:\/\/cmr.gumed.edu.pl\/#website\"},\"datePublished\":\"2020-04-27T20:49:29+00:00\",\"dateModified\":\"2022-11-07T21:17:55+00:00\",\"breadcrumb\":{\"@id\":\"https:\/\/cmr.gumed.edu.pl\/pacjent\/#breadcrumb\"},\"inLanguage\":\"en-US\",\"potentialAction\":[{\"@type\":\"ReadAction\",\"target\":[\"https:\/\/cmr.gumed.edu.pl\/pacjent\/\"]}]},{\"@type\":\"BreadcrumbList\",\"@id\":\"https:\/\/cmr.gumed.edu.pl\/pacjent\/#breadcrumb\",\"itemListElement\":[{\"@type\":\"ListItem\",\"position\":1,\"name\":\"Strona g\u0142\u00f3wna\",\"item\":\"https:\/\/cmr.gumed.edu.pl\/\"},{\"@type\":\"ListItem\",\"position\":2,\"name\":\"Pacjent\"}]},{\"@type\":\"WebSite\",\"@id\":\"https:\/\/cmr.gumed.edu.pl\/#website\",\"url\":\"https:\/\/cmr.gumed.edu.pl\/\",\"name\":\"Centrum Medycyny Rodzinnej\",\"description\":\"Centrum Medycyny Rodzinnej Gda\u0144skiego Uniwersytetu Medycznego\",\"publisher\":{\"@id\":\"https:\/\/cmr.gumed.edu.pl\/#organization\"},\"potentialAction\":[{\"@type\":\"SearchAction\",\"target\":{\"@type\":\"EntryPoint\",\"urlTemplate\":\"https:\/\/cmr.gumed.edu.pl\/?s={search_term_string}\"},\"query-input\":\"required name=search_term_string\"}],\"inLanguage\":\"en-US\"},{\"@type\":\"Organization\",\"@id\":\"https:\/\/cmr.gumed.edu.pl\/#organization\",\"name\":\"Centrum Medycyny Rodzinnej GUMed\",\"url\":\"https:\/\/cmr.gumed.edu.pl\/\",\"logo\":{\"@type\":\"ImageObject\",\"inLanguage\":\"en-US\",\"@id\":\"https:\/\/cmr.gumed.edu.pl\/#\/schema\/logo\/image\/\",\"url\":\"https:\/\/cmr.gumed.edu.pl\/wp-content\/uploads\/2021\/02\/GUMed_znak_PL_V_REG_polichromatyczny_negatyw_RGB.svg\",\"contentUrl\":\"https:\/\/cmr.gumed.edu.pl\/wp-content\/uploads\/2021\/02\/GUMed_znak_PL_V_REG_polichromatyczny_negatyw_RGB.svg\",\"width\":1,\"height\":1,\"caption\":\"Centrum Medycyny Rodzinnej GUMed\"},\"image\":{\"@id\":\"https:\/\/cmr.gumed.edu.pl\/#\/schema\/logo\/image\/\"}}]}<\/script>\n<!-- \/ Yoast SEO plugin. -->","yoast_head_json":{"title":"Pacjent &#8902; Centrum Medycyny Rodzinnej Gda\u0144skiego Uniwersytetu Medycznego","robots":{"index":"index","follow":"follow","max-snippet":"max-snippet:-1","max-image-preview":"max-image-preview:large","max-video-preview":"max-video-preview:-1"},"canonical":"https:\/\/cmr.gumed.edu.pl\/en\/pacjent\/","og_locale":"en_US","og_type":"article","og_title":"Pacjent &#8902; Centrum Medycyny Rodzinnej Gda\u0144skiego Uniwersytetu Medycznego","og_description":"DLA PACJENTA ZAPISY DO PRZYCHODNI GODZINY PRZYJ\u0118\u0106 KARTA MEDYCYNY PRACY OCHRONA DANYCH OSOBOWYCH","og_url":"https:\/\/cmr.gumed.edu.pl\/en\/pacjent\/","og_site_name":"Centrum Medycyny Rodzinnej Gda\u0144skiego Uniwersytetu Medycznego","article_modified_time":"2022-11-07T21:17:55+00:00","twitter_card":"summary_large_image","twitter_misc":{"Est. reading time":"1 minute"},"schema":{"@context":"https:\/\/schema.org","@graph":[{"@type":"WebPage","@id":"https:\/\/cmr.gumed.edu.pl\/pacjent\/","url":"https:\/\/cmr.gumed.edu.pl\/pacjent\/","name":"Pacjent &#8902; Centrum Medycyny Rodzinnej Gda\u0144skiego Uniwersytetu Medycznego","isPartOf":{"@id":"https:\/\/cmr.gumed.edu.pl\/#website"},"datePublished":"2020-04-27T20:49:29+00:00","dateModified":"2022-11-07T21:17:55+00:00","breadcrumb":{"@id":"https:\/\/cmr.gumed.edu.pl\/pacjent\/#breadcrumb"},"inLanguage":"en-US","potentialAction":[{"@type":"ReadAction","target":["https:\/\/cmr.gumed.edu.pl\/pacjent\/"]}]},{"@type":"BreadcrumbList","@id":"https:\/\/cmr.gumed.edu.pl\/pacjent\/#breadcrumb","itemListElement":[{"@type":"ListItem","position":1,"name":"Strona g\u0142\u00f3wna","item":"https:\/\/cmr.gumed.edu.pl\/"},{"@type":"ListItem","position":2,"name":"Pacjent"}]},{"@type":"WebSite","@id":"https:\/\/cmr.gumed.edu.pl\/#website","url":"https:\/\/cmr.gumed.edu.pl\/","name":"Family Medicine Center","description":"Centrum Medycyny Rodzinnej Gda\u0144skiego Uniwersytetu Medycznego","publisher":{"@id":"https:\/\/cmr.gumed.edu.pl\/#organization"},"potentialAction":[{"@type":"SearchAction","target":{"@type":"EntryPoint","urlTemplate":"https:\/\/cmr.gumed.edu.pl\/?s={search_term_string}"},"query-input":"required name=search_term_string"}],"inLanguage":"en-US"},{"@type":"Organization","@id":"https:\/\/cmr.gumed.edu.pl\/#organization","name":"Centrum Medycyny Rodzinnej GUMed","url":"https:\/\/cmr.gumed.edu.pl\/","logo":{"@type":"ImageObject","inLanguage":"en-US","@id":"https:\/\/cmr.gumed.edu.pl\/#\/schema\/logo\/image\/","url":"https:\/\/cmr.gumed.edu.pl\/wp-content\/uploads\/2021\/02\/GUMed_znak_PL_V_REG_polichromatyczny_negatyw_RGB.svg","contentUrl":"https:\/\/cmr.gumed.edu.pl\/wp-content\/uploads\/2021\/02\/GUMed_znak_PL_V_REG_polichromatyczny_negatyw_RGB.svg","width":1,"height":1,"caption":"Centrum Medycyny Rodzinnej GUMed"},"image":{"@id":"https:\/\/cmr.gumed.edu.pl\/#\/schema\/logo\/image\/"}}]}},"_links":{"self":[{"href":"https:\/\/cmr.gumed.edu.pl\/en\/wp-json\/wp\/v2\/pages\/375"}],"collection":[{"href":"https:\/\/cmr.gumed.edu.pl\/en\/wp-json\/wp\/v2\/pages"}],"about":[{"href":"https:\/\/cmr.gumed.edu.pl\/en\/wp-json\/wp\/v2\/types\/page"}],"author":[{"embeddable":true,"href":"https:\/\/cmr.gumed.edu.pl\/en\/wp-json\/wp\/v2\/users\/4"}],"replies":[{"embeddable":true,"href":"https:\/\/cmr.gumed.edu.pl\/en\/wp-json\/wp\/v2\/comments?post=375"}],"version-history":[{"count":34,"href":"https:\/\/cmr.gumed.edu.pl\/en\/wp-json\/wp\/v2\/pages\/375\/revisions"}],"predecessor-version":[{"id":2464,"href":"https:\/\/cmr.gumed.edu.pl\/en\/wp-json\/wp\/v2\/pages\/375\/revisions\/2464"}],"wp:attachment":[{"href":"https:\/\/cmr.gumed.edu.pl\/en\/wp-json\/wp\/v2\/media?parent=375"}],"curies":[{"name":"wp","href":"https:\/\/api.w.org\/{rel}","templated":true}]}}