{"id":432,"date":"2020-12-11T17:38:02","date_gmt":"2020-12-11T16:38:02","guid":{"rendered":"https:\/\/admin.antrez.pl:44344\/cmr\/?page_id=432"},"modified":"2025-10-27T07:58:27","modified_gmt":"2025-10-27T06:58:27","slug":"medycyna-pracy","status":"publish","type":"page","link":"https:\/\/cmr.gumed.edu.pl\/en\/medycyna-pracy\/","title":{"rendered":"Preventive examination card"},"content":{"rendered":"<div data-elementor-type=\"wp-page\" data-elementor-id=\"432\" class=\"elementor elementor-432\">\n\t\t\t\t\t\t<section class=\"elementor-section elementor-top-section elementor-element elementor-element-6e8df17 elementor-section-boxed elementor-section-height-default elementor-section-height-default\" data-id=\"6e8df17\" data-element_type=\"section\">\n\t\t\t\t\t\t<div class=\"elementor-container elementor-column-gap-default\">\n\t\t\t\t\t<div class=\"elementor-column elementor-col-100 elementor-top-column elementor-element elementor-element-750f514\" data-id=\"750f514\" data-element_type=\"column\">\n\t\t\t<div class=\"elementor-widget-wrap elementor-element-populated\">\n\t\t\t\t\t\t<div class=\"elementor-element elementor-element-818b6bd elementor-widget elementor-widget-text-editor\" data-id=\"818b6bd\" data-element_type=\"widget\" data-widget_type=\"text-editor.default\">\n\t\t\t\t<div class=\"elementor-widget-container\">\n\t\t\t\t\t\t\t\t\t<h1>Preventive examination card<\/h1>\nDane osobowe podane w formularzu b\u0119d\u0105 przetwarzane zgodnie z <strong><a href=\"https:\/\/cmr.gumed.edu.pl\/en\/polityka-prywatnosci\/\">polityk\u0105 prywatno\u015bci<\/a><\/strong> Centrum Medycyny Rodzinnej Gda\u0144skiego Uniwersytetu Medycznego Sp. z o.o..\t\t\t\t\t\t\t\t<\/div>\n\t\t\t\t<\/div>\n\t\t\t\t\t<\/div>\n\t\t<\/div>\n\t\t\t\t\t<\/div>\n\t\t<\/section>\n\t\t\t\t<section class=\"elementor-section elementor-top-section elementor-element elementor-element-044220e elementor-section-boxed elementor-section-height-default elementor-section-height-default\" data-id=\"044220e\" data-element_type=\"section\">\n\t\t\t\t\t\t<div class=\"elementor-container elementor-column-gap-default\">\n\t\t\t\t\t<div class=\"elementor-column elementor-col-100 elementor-top-column elementor-element elementor-element-b70f6c1\" data-id=\"b70f6c1\" data-element_type=\"column\">\n\t\t\t<div class=\"elementor-widget-wrap elementor-element-populated\">\n\t\t\t\t\t\t<div class=\"elementor-element elementor-element-9657c09 elementor-widget elementor-widget-button\" data-id=\"9657c09\" data-element_type=\"widget\" data-widget_type=\"button.default\">\n\t\t\t\t<div class=\"elementor-widget-container\">\n\t\t\t\t\t\t\t\t\t<div class=\"elementor-button-wrapper\">\n\t\t\t\t\t<a class=\"elementor-button elementor-button-link elementor-size-sm\" href=\"https:\/\/cmr.gumed.edu.pl\/wp-content\/uploads\/2025\/10\/instrukcja-dla-pacjenta-24-10-2025.pdf\">\n\t\t\t\t\t\t<span class=\"elementor-button-content-wrapper\">\n\t\t\t\t\t\t\t\t\t<span class=\"elementor-button-text\">Instrukcja dla pacjenta<\/span>\n\t\t\t\t\t<\/span>\n\t\t\t\t\t<\/a>\n\t\t\t\t<\/div>\n\t\t\t\t\t\t\t\t<\/div>\n\t\t\t\t<\/div>\n\t\t\t\t\t<\/div>\n\t\t<\/div>\n\t\t\t\t\t<\/div>\n\t\t<\/section>\n\t\t\t\t<section class=\"elementor-section elementor-top-section elementor-element elementor-element-1ce47c1 elementor-section-boxed elementor-section-height-default elementor-section-height-default\" data-id=\"1ce47c1\" data-element_type=\"section\">\n\t\t\t\t\t\t<div class=\"elementor-container elementor-column-gap-default\">\n\t\t\t\t\t<div class=\"elementor-column elementor-col-100 elementor-top-column elementor-element elementor-element-9810ed6\" data-id=\"9810ed6\" data-element_type=\"column\">\n\t\t\t<div class=\"elementor-widget-wrap\">\n\t\t\t\t\t\t\t<\/div>\n\t\t<\/div>\n\t\t\t\t\t<\/div>\n\t\t<\/section>\n\t\t\t\t<section class=\"elementor-section elementor-top-section elementor-element elementor-element-34f8dd11 elementor-section-boxed elementor-section-height-default elementor-section-height-default\" data-id=\"34f8dd11\" data-element_type=\"section\">\n\t\t\t\t\t\t<div class=\"elementor-container elementor-column-gap-default\">\n\t\t\t\t\t<div class=\"elementor-column elementor-col-100 elementor-top-column elementor-element elementor-element-232d5dd\" data-id=\"232d5dd\" data-element_type=\"column\">\n\t\t\t<div class=\"elementor-widget-wrap elementor-element-populated\">\n\t\t\t\t\t\t<div class=\"elementor-element elementor-element-1f2cda64 elementor-widget elementor-widget-text-editor\" data-id=\"1f2cda64\" data-element_type=\"widget\" data-widget_type=\"text-editor.default\">\n\t\t\t\t<div class=\"elementor-widget-container\">\n\t\t\t\t\t\t\t\t\t\n<span style=\"font-size: 15px; color: var( --e-global-color-text ); font-family: var( --e-global-typography-text-font-family ), Sans-serif;\">  <\/span><iframe style=\"font-size: 15px; color: var( --e-global-color-text ); font-family: var( --e-global-typography-text-font-family ), Sans-serif;\" src=\"https:\/\/cmr.gumed.edu.pl\/cmr_preventive_examination_form\/cmr_preventive_examination_form?lang=en\/\" height=\"6000\" frameborder=\"1\" scrolling=\"auto\"><\/iframe><span style=\"font-size: 15px; color: var( --e-global-color-text ); font-family: var( --e-global-typography-text-font-family ), Sans-serif;\"> <\/span>\n\n<!-- \/wp:shortcode -->\t\t\t\t\t\t\t\t<\/div>\n\t\t\t\t<\/div>\n\t\t\t\t\t<\/div>\n\t\t<\/div>\n\t\t\t\t\t<\/div>\n\t\t<\/section>\n\t\t\t\t<\/div>","protected":false},"excerpt":{"rendered":"<p>Karta medycyny pracy Dane osobowe podane w formularzu b\u0119d\u0105 przetwarzane zgodnie z polityk\u0105 prywatno\u015bci Centrum Medycyny Rodzinnej Gda\u0144skiego Uniwersytetu Medycznego Sp. z o.o.. Instrukcja dla pacjenta<\/p>","protected":false},"author":4,"featured_media":0,"parent":0,"menu_order":0,"comment_status":"closed","ping_status":"closed","template":"","meta":{"site-sidebar-layout":"no-sidebar","site-content-layout":"content-boxed-container","ast-site-content-layout":"","site-content-style":"default","site-sidebar-style":"default","ast-global-header-display":"","ast-banner-title-visibility":"","ast-main-header-display":"","ast-hfb-above-header-display":"","ast-hfb-below-header-display":"","ast-hfb-mobile-header-display":"","site-post-title":"disabled","ast-breadcrumbs-content":"","ast-featured-img":"","footer-sml-layout":"","theme-transparent-header-meta":"default","adv-header-id-meta":"","stick-header-meta":"","header-above-stick-meta":"","header-main-stick-meta":"","header-below-stick-meta":"","astra-migrate-meta-layouts":"","ast-page-background-enabled":"default","ast-page-background-meta":{"desktop":{"background-color":"","background-image":"","background-repeat":"repeat","background-position":"center center","background-size":"auto","background-attachment":"scroll","background-type":"","background-media":"","overlay-type":"","overlay-color":"","overlay-gradient":""},"tablet":{"background-color":"","background-image":"","background-repeat":"repeat","background-position":"center center","background-size":"auto","background-attachment":"scroll","background-type":"","background-media":"","overlay-type":"","overlay-color":"","overlay-gradient":""},"mobile":{"background-color":"","background-image":"","background-repeat":"repeat","background-position":"center center","background-size":"auto","background-attachment":"scroll","background-type":"","background-media":"","overlay-type":"","overlay-color":"","overlay-gradient":""}},"ast-content-background-meta":{"desktop":{"background-color":"var(--ast-global-color-5)","background-image":"","background-repeat":"repeat","background-position":"center center","background-size":"auto","background-attachment":"scroll","background-type":"","background-media":"","overlay-type":"","overlay-color":"","overlay-gradient":""},"tablet":{"background-color":"var(--ast-global-color-5)","background-image":"","background-repeat":"repeat","background-position":"center center","background-size":"auto","background-attachment":"scroll","background-type":"","background-media":"","overlay-type":"","overlay-color":"","overlay-gradient":""},"mobile":{"background-color":"var(--ast-global-color-5)","background-image":"","background-repeat":"repeat","background-position":"center center","background-size":"auto","background-attachment":"scroll","background-type":"","background-media":"","overlay-type":"","overlay-color":"","overlay-gradient":""}},"footnotes":""},"yoast_head":"<!-- This site is optimized with the Yoast SEO plugin v22.6 - https:\/\/yoast.com\/wordpress\/plugins\/seo\/ -->\n<title>Karta medycyny pracy &#8902; Centrum Medycyny Rodzinnej Gda\u0144skiego Uniwersytetu Medycznego<\/title>\n<meta name=\"description\" content=\"Karta medycyny pracy.\" \/>\n<meta name=\"robots\" content=\"index, follow, max-snippet:-1, max-image-preview:large, max-video-preview:-1\" \/>\n<link rel=\"canonical\" href=\"https:\/\/cmr.gumed.edu.pl\/en\/medycyna-pracy\/\" \/>\n<meta property=\"og:locale\" content=\"en_US\" \/>\n<meta property=\"og:type\" content=\"article\" \/>\n<meta property=\"og:title\" content=\"Karta medycyny pracy &#8902; Centrum Medycyny Rodzinnej Gda\u0144skiego Uniwersytetu Medycznego\" \/>\n<meta property=\"og:description\" content=\"Karta medycyny pracy.\" \/>\n<meta property=\"og:url\" content=\"https:\/\/cmr.gumed.edu.pl\/en\/medycyna-pracy\/\" \/>\n<meta property=\"og:site_name\" content=\"Centrum Medycyny Rodzinnej Gda\u0144skiego Uniwersytetu Medycznego\" \/>\n<meta property=\"article:modified_time\" content=\"2025-10-27T06:58:27+00:00\" \/>\n<meta name=\"twitter:card\" content=\"summary_large_image\" \/>\n<meta name=\"twitter:label1\" content=\"Est. reading time\" \/>\n\t<meta name=\"twitter:data1\" content=\"1 minute\" \/>\n<script type=\"application\/ld+json\" class=\"yoast-schema-graph\">{\"@context\":\"https:\/\/schema.org\",\"@graph\":[{\"@type\":\"WebPage\",\"@id\":\"https:\/\/cmr.gumed.edu.pl\/medycyna-pracy\/\",\"url\":\"https:\/\/cmr.gumed.edu.pl\/medycyna-pracy\/\",\"name\":\"Karta medycyny pracy &#8902; Centrum Medycyny Rodzinnej Gda\u0144skiego Uniwersytetu Medycznego\",\"isPartOf\":{\"@id\":\"https:\/\/cmr.gumed.edu.pl\/#website\"},\"datePublished\":\"2020-12-11T16:38:02+00:00\",\"dateModified\":\"2025-10-27T06:58:27+00:00\",\"description\":\"Karta medycyny pracy.\",\"breadcrumb\":{\"@id\":\"https:\/\/cmr.gumed.edu.pl\/medycyna-pracy\/#breadcrumb\"},\"inLanguage\":\"en-US\",\"potentialAction\":[{\"@type\":\"ReadAction\",\"target\":[\"https:\/\/cmr.gumed.edu.pl\/medycyna-pracy\/\"]}]},{\"@type\":\"BreadcrumbList\",\"@id\":\"https:\/\/cmr.gumed.edu.pl\/medycyna-pracy\/#breadcrumb\",\"itemListElement\":[{\"@type\":\"ListItem\",\"position\":1,\"name\":\"Strona g\u0142\u00f3wna\",\"item\":\"https:\/\/cmr.gumed.edu.pl\/\"},{\"@type\":\"ListItem\",\"position\":2,\"name\":\"Karta medycyny pracy\"}]},{\"@type\":\"WebSite\",\"@id\":\"https:\/\/cmr.gumed.edu.pl\/#website\",\"url\":\"https:\/\/cmr.gumed.edu.pl\/\",\"name\":\"Centrum Medycyny Rodzinnej\",\"description\":\"Centrum Medycyny Rodzinnej Gda\u0144skiego Uniwersytetu Medycznego\",\"publisher\":{\"@id\":\"https:\/\/cmr.gumed.edu.pl\/#organization\"},\"potentialAction\":[{\"@type\":\"SearchAction\",\"target\":{\"@type\":\"EntryPoint\",\"urlTemplate\":\"https:\/\/cmr.gumed.edu.pl\/?s={search_term_string}\"},\"query-input\":\"required name=search_term_string\"}],\"inLanguage\":\"en-US\"},{\"@type\":\"Organization\",\"@id\":\"https:\/\/cmr.gumed.edu.pl\/#organization\",\"name\":\"Centrum Medycyny Rodzinnej GUMed\",\"url\":\"https:\/\/cmr.gumed.edu.pl\/\",\"logo\":{\"@type\":\"ImageObject\",\"inLanguage\":\"en-US\",\"@id\":\"https:\/\/cmr.gumed.edu.pl\/#\/schema\/logo\/image\/\",\"url\":\"https:\/\/cmr.gumed.edu.pl\/wp-content\/uploads\/2021\/02\/GUMed_znak_PL_V_REG_polichromatyczny_negatyw_RGB.svg\",\"contentUrl\":\"https:\/\/cmr.gumed.edu.pl\/wp-content\/uploads\/2021\/02\/GUMed_znak_PL_V_REG_polichromatyczny_negatyw_RGB.svg\",\"width\":1,\"height\":1,\"caption\":\"Centrum Medycyny Rodzinnej GUMed\"},\"image\":{\"@id\":\"https:\/\/cmr.gumed.edu.pl\/#\/schema\/logo\/image\/\"}}]}<\/script>\n<!-- \/ Yoast SEO plugin. -->","yoast_head_json":{"title":"Karta medycyny pracy &#8902; Centrum Medycyny Rodzinnej Gda\u0144skiego Uniwersytetu Medycznego","description":"Karta medycyny pracy.","robots":{"index":"index","follow":"follow","max-snippet":"max-snippet:-1","max-image-preview":"max-image-preview:large","max-video-preview":"max-video-preview:-1"},"canonical":"https:\/\/cmr.gumed.edu.pl\/en\/medycyna-pracy\/","og_locale":"en_US","og_type":"article","og_title":"Karta medycyny pracy &#8902; Centrum Medycyny Rodzinnej Gda\u0144skiego Uniwersytetu Medycznego","og_description":"Karta medycyny pracy.","og_url":"https:\/\/cmr.gumed.edu.pl\/en\/medycyna-pracy\/","og_site_name":"Centrum Medycyny Rodzinnej Gda\u0144skiego Uniwersytetu Medycznego","article_modified_time":"2025-10-27T06:58:27+00:00","twitter_card":"summary_large_image","twitter_misc":{"Est. reading time":"1 minute"},"schema":{"@context":"https:\/\/schema.org","@graph":[{"@type":"WebPage","@id":"https:\/\/cmr.gumed.edu.pl\/medycyna-pracy\/","url":"https:\/\/cmr.gumed.edu.pl\/medycyna-pracy\/","name":"Karta medycyny pracy &#8902; Centrum Medycyny Rodzinnej Gda\u0144skiego Uniwersytetu Medycznego","isPartOf":{"@id":"https:\/\/cmr.gumed.edu.pl\/#website"},"datePublished":"2020-12-11T16:38:02+00:00","dateModified":"2025-10-27T06:58:27+00:00","description":"Karta medycyny pracy.","breadcrumb":{"@id":"https:\/\/cmr.gumed.edu.pl\/medycyna-pracy\/#breadcrumb"},"inLanguage":"en-US","potentialAction":[{"@type":"ReadAction","target":["https:\/\/cmr.gumed.edu.pl\/medycyna-pracy\/"]}]},{"@type":"BreadcrumbList","@id":"https:\/\/cmr.gumed.edu.pl\/medycyna-pracy\/#breadcrumb","itemListElement":[{"@type":"ListItem","position":1,"name":"Strona g\u0142\u00f3wna","item":"https:\/\/cmr.gumed.edu.pl\/"},{"@type":"ListItem","position":2,"name":"Karta medycyny pracy"}]},{"@type":"WebSite","@id":"https:\/\/cmr.gumed.edu.pl\/#website","url":"https:\/\/cmr.gumed.edu.pl\/","name":"Family Medicine Center","description":"Centrum Medycyny Rodzinnej Gda\u0144skiego Uniwersytetu Medycznego","publisher":{"@id":"https:\/\/cmr.gumed.edu.pl\/#organization"},"potentialAction":[{"@type":"SearchAction","target":{"@type":"EntryPoint","urlTemplate":"https:\/\/cmr.gumed.edu.pl\/?s={search_term_string}"},"query-input":"required name=search_term_string"}],"inLanguage":"en-US"},{"@type":"Organization","@id":"https:\/\/cmr.gumed.edu.pl\/#organization","name":"Centrum Medycyny Rodzinnej GUMed","url":"https:\/\/cmr.gumed.edu.pl\/","logo":{"@type":"ImageObject","inLanguage":"en-US","@id":"https:\/\/cmr.gumed.edu.pl\/#\/schema\/logo\/image\/","url":"https:\/\/cmr.gumed.edu.pl\/wp-content\/uploads\/2021\/02\/GUMed_znak_PL_V_REG_polichromatyczny_negatyw_RGB.svg","contentUrl":"https:\/\/cmr.gumed.edu.pl\/wp-content\/uploads\/2021\/02\/GUMed_znak_PL_V_REG_polichromatyczny_negatyw_RGB.svg","width":1,"height":1,"caption":"Centrum Medycyny Rodzinnej GUMed"},"image":{"@id":"https:\/\/cmr.gumed.edu.pl\/#\/schema\/logo\/image\/"}}]}},"_links":{"self":[{"href":"https:\/\/cmr.gumed.edu.pl\/en\/wp-json\/wp\/v2\/pages\/432"}],"collection":[{"href":"https:\/\/cmr.gumed.edu.pl\/en\/wp-json\/wp\/v2\/pages"}],"about":[{"href":"https:\/\/cmr.gumed.edu.pl\/en\/wp-json\/wp\/v2\/types\/page"}],"author":[{"embeddable":true,"href":"https:\/\/cmr.gumed.edu.pl\/en\/wp-json\/wp\/v2\/users\/4"}],"replies":[{"embeddable":true,"href":"https:\/\/cmr.gumed.edu.pl\/en\/wp-json\/wp\/v2\/comments?post=432"}],"version-history":[{"count":67,"href":"https:\/\/cmr.gumed.edu.pl\/en\/wp-json\/wp\/v2\/pages\/432\/revisions"}],"predecessor-version":[{"id":2758,"href":"https:\/\/cmr.gumed.edu.pl\/en\/wp-json\/wp\/v2\/pages\/432\/revisions\/2758"}],"wp:attachment":[{"href":"https:\/\/cmr.gumed.edu.pl\/en\/wp-json\/wp\/v2\/media?parent=432"}],"curies":[{"name":"wp","href":"https:\/\/api.w.org\/{rel}","templated":true}]}}