{"id":52,"date":"2020-04-24T10:42:47","date_gmt":"2020-04-24T08:42:47","guid":{"rendered":"https:\/\/admin.antrez.pl:44344\/cmr\/?page_id=52"},"modified":"2025-11-28T09:45:54","modified_gmt":"2025-11-28T08:45:54","slug":"poradnia-medycyny-pracy","status":"publish","type":"page","link":"https:\/\/cmr.gumed.edu.pl\/en\/poradnia-medycyny-pracy\/","title":{"rendered":"Poradnia Medycyny Pracy"},"content":{"rendered":"<div data-elementor-type=\"wp-page\" data-elementor-id=\"52\" class=\"elementor elementor-52\">\n\t\t\t\t\t\t<section class=\"elementor-section elementor-top-section elementor-element elementor-element-4cd09e6 elementor-section-boxed elementor-section-height-default elementor-section-height-default\" data-id=\"4cd09e6\" data-element_type=\"section\">\n\t\t\t\t\t\t<div class=\"elementor-container elementor-column-gap-default\">\n\t\t\t\t\t<div class=\"elementor-column elementor-col-100 elementor-top-column elementor-element elementor-element-446bff7\" data-id=\"446bff7\" data-element_type=\"column\">\n\t\t\t<div class=\"elementor-widget-wrap elementor-element-populated\">\n\t\t\t\t\t\t<div class=\"elementor-element elementor-element-397d3ee elementor-widget elementor-widget-heading\" data-id=\"397d3ee\" data-element_type=\"widget\" data-widget_type=\"heading.default\">\n\t\t\t\t<div class=\"elementor-widget-container\">\n\t\t\t\t\t<h1 class=\"elementor-heading-title elementor-size-default\">Poradnia Medycyny Pracy<\/h1>\t\t\t\t<\/div>\n\t\t\t\t<\/div>\n\t\t\t\t<div class=\"elementor-element elementor-element-4b4ab28 elementor-widget elementor-widget-text-editor\" data-id=\"4b4ab28\" data-element_type=\"widget\" data-widget_type=\"text-editor.default\">\n\t\t\t\t<div class=\"elementor-widget-container\">\n\t\t\t\t\t\t\t\t\t<p><strong>Poradnia Medycyny Pracy Centrum Medycyny Rodzinnej GUMed zapewnia kompleksow\u0105 obs\u0142ug\u0119 medyczn\u0105 pracownik\u00f3w w zakresie profilaktyki zdrowotnej i orzecznictwa lekarskiego.<\/strong><\/p><h2>Zakres us\u0142ug<\/h2><ul><li>badania wst\u0119pne,<\/li><li>badania okresowe,<\/li><li>badania kontrolne,<\/li><li>badania do cel\u00f3w sanitarno &#8211; epidemiologicznych,<\/li><li>wizytacje stanowisk pracy,<\/li><li>za\u015bwiadczenia lekarskie do Izby Lekarskiej, Piel\u0119gniarek i Po\u0142o\u017cnych oraz Diagnost\u00f3w Laboratoryjnych.<\/li><\/ul><h2>Rejestracja<\/h2><p><strong>Rejestracja odbywa si\u0119 ze skierowaniem:<br \/>osobi\u015bcie<\/strong> &#8211; gabinet nr 12, od poniedzia\u0142ku do pi\u0105tku<strong>:<\/strong><\/p><ul><li>w godz. 07.45-08.30 (zalecane przybycie na czczo)<\/li><li>w godz. 11.30-13.30<\/li><\/ul><p><strong>mailowo<\/strong> &#8211; poprzez wys\u0142anie skanu skierowania na adres:<br \/>mpcmr@gumed.edu.pl\u00a0<\/p><h2>Dokumenty<\/h2><p><strong>Przed wizyt\u0105 prosimy o wype\u0142nienie Karty Medycyny Pracy<\/strong><\/p><ul><li><a href=\"https:\/\/cmr.gumed.edu.pl\/index.php\/medycyna-pracy\/\">Preventive examination card<\/a><\/li><\/ul><h2>Lekarze przyjmuj\u0105cy<\/h2><p>dr n. med. Monika Nowali\u0144ska &#8211; poniedzia\u0142ek, wtorek, pi\u0105tek<br \/>lek. Rafa\u0142 Czaja &#8211; \u015broda, czwartek<\/p><h2>Kontakt dla pacjent\u00f3w<\/h2><p>tel: +48 58 349 18 04<\/p><p>e-mail (preferowany): mpcmr@gumed.edu.pl\u00a0<\/p><h2>Wsp\u00f3\u0142praca<\/h2><p><strong>Osoby zainteresowane wsp\u00f3\u0142prac\u0105 z Poradni\u0105 Medycyny Pracy prosimy o kontakt z Biurem CMR:<\/strong><br \/>tel.: tel. 58 349 16 05<br \/>e-mail: cmr@gumed.edu.pl<\/p>\t\t\t\t\t\t\t\t<\/div>\n\t\t\t\t<\/div>\n\t\t\t\t\t<\/div>\n\t\t<\/div>\n\t\t\t\t\t<\/div>\n\t\t<\/section>\n\t\t\t\t<\/div>","protected":false},"excerpt":{"rendered":"<p>Poradnia Medycyny Pracy Poradnia Medycyny Pracy Centrum Medycyny Rodzinnej GUMed zapewnia kompleksow\u0105 obs\u0142ug\u0119 medyczn\u0105 pracownik\u00f3w w zakresie profilaktyki zdrowotnej i orzecznictwa lekarskiego. Zakres us\u0142ug badania wst\u0119pne, badania okresowe, badania kontrolne, badania do cel\u00f3w sanitarno &#8211; epidemiologicznych, wizytacje stanowisk pracy, za\u015bwiadczenia lekarskie do Izby Lekarskiej, Piel\u0119gniarek i Po\u0142o\u017cnych oraz Diagnost\u00f3w Laboratoryjnych. Rejestracja Rejestracja odbywa si\u0119 ze &hellip;<\/p>\n<p class=\"read-more\"> <a class=\"\" href=\"https:\/\/cmr.gumed.edu.pl\/en\/poradnia-medycyny-pracy\/\"> <span class=\"screen-reader-text\">Poradnia Medycyny Pracy<\/span> Read More &raquo;<\/a><\/p>","protected":false},"author":2,"featured_media":0,"parent":0,"menu_order":0,"comment_status":"closed","ping_status":"closed","template":"","meta":{"site-sidebar-layout":"no-sidebar","site-content-layout":"content-boxed-container","ast-site-content-layout":"","site-content-style":"default","site-sidebar-style":"default","ast-global-header-display":"","ast-banner-title-visibility":"","ast-main-header-display":"","ast-hfb-above-header-display":"","ast-hfb-below-header-display":"","ast-hfb-mobile-header-display":"","site-post-title":"","ast-breadcrumbs-content":"","ast-featured-img":"disabled","footer-sml-layout":"","theme-transparent-header-meta":"default","adv-header-id-meta":"","stick-header-meta":"","header-above-stick-meta":"","header-main-stick-meta":"","header-below-stick-meta":"","astra-migrate-meta-layouts":"","ast-page-background-enabled":"default","ast-page-background-meta":{"desktop":{"background-color":"","background-image":"","background-repeat":"repeat","background-position":"center center","background-size":"auto","background-attachment":"scroll","background-type":"","background-media":"","overlay-type":"","overlay-color":"","overlay-gradient":""},"tablet":{"background-color":"","background-image":"","background-repeat":"repeat","background-position":"center center","background-size":"auto","background-attachment":"scroll","background-type":"","background-media":"","overlay-type":"","overlay-color":"","overlay-gradient":""},"mobile":{"background-color":"","background-image":"","background-repeat":"repeat","background-position":"center center","background-size":"auto","background-attachment":"scroll","background-type":"","background-media":"","overlay-type":"","overlay-color":"","overlay-gradient":""}},"ast-content-background-meta":{"desktop":{"background-color":"var(--ast-global-color-5)","background-image":"","background-repeat":"repeat","background-position":"center center","background-size":"auto","background-attachment":"scroll","background-type":"","background-media":"","overlay-type":"","overlay-color":"","overlay-gradient":""},"tablet":{"background-color":"var(--ast-global-color-5)","background-image":"","background-repeat":"repeat","background-position":"center center","background-size":"auto","background-attachment":"scroll","background-type":"","background-media":"","overlay-type":"","overlay-color":"","overlay-gradient":""},"mobile":{"background-color":"var(--ast-global-color-5)","background-image":"","background-repeat":"repeat","background-position":"center center","background-size":"auto","background-attachment":"scroll","background-type":"","background-media":"","overlay-type":"","overlay-color":"","overlay-gradient":""}},"footnotes":""},"yoast_head":"<!-- This site is optimized with the Yoast SEO plugin v22.6 - https:\/\/yoast.com\/wordpress\/plugins\/seo\/ -->\n<title>Poradnia Medycyny Pracy &#8902; Centrum Medycyny Rodzinnej Gda\u0144skiego Uniwersytetu Medycznego<\/title>\n<meta name=\"description\" content=\"Poradnia medycyny pracy oferuje obs\u0142ug\u0119 medyczn\u0105 pracownik\u00f3w w zakresie medycyny pracy- badania wst\u0119pne, okresowe...\" \/>\n<meta name=\"robots\" content=\"index, follow, max-snippet:-1, max-image-preview:large, max-video-preview:-1\" \/>\n<link rel=\"canonical\" href=\"https:\/\/cmr.gumed.edu.pl\/en\/poradnia-medycyny-pracy\/\" \/>\n<meta property=\"og:locale\" content=\"en_US\" \/>\n<meta property=\"og:type\" content=\"article\" \/>\n<meta property=\"og:title\" content=\"Poradnia Medycyny Pracy &#8902; Centrum Medycyny Rodzinnej Gda\u0144skiego Uniwersytetu Medycznego\" \/>\n<meta property=\"og:description\" content=\"Poradnia medycyny pracy oferuje obs\u0142ug\u0119 medyczn\u0105 pracownik\u00f3w w zakresie medycyny pracy- badania wst\u0119pne, okresowe...\" \/>\n<meta property=\"og:url\" content=\"https:\/\/cmr.gumed.edu.pl\/en\/poradnia-medycyny-pracy\/\" \/>\n<meta property=\"og:site_name\" content=\"Centrum Medycyny Rodzinnej Gda\u0144skiego Uniwersytetu Medycznego\" \/>\n<meta property=\"article:modified_time\" content=\"2025-11-28T08:45:54+00:00\" \/>\n<meta name=\"twitter:card\" content=\"summary_large_image\" \/>\n<meta name=\"twitter:label1\" content=\"Est. reading time\" \/>\n\t<meta name=\"twitter:data1\" content=\"1 minute\" \/>\n<script type=\"application\/ld+json\" class=\"yoast-schema-graph\">{\"@context\":\"https:\/\/schema.org\",\"@graph\":[{\"@type\":\"WebPage\",\"@id\":\"https:\/\/cmr.gumed.edu.pl\/poradnia-medycyny-pracy\/\",\"url\":\"https:\/\/cmr.gumed.edu.pl\/poradnia-medycyny-pracy\/\",\"name\":\"Poradnia Medycyny Pracy &#8902; Centrum Medycyny Rodzinnej Gda\u0144skiego Uniwersytetu Medycznego\",\"isPartOf\":{\"@id\":\"https:\/\/cmr.gumed.edu.pl\/#website\"},\"datePublished\":\"2020-04-24T08:42:47+00:00\",\"dateModified\":\"2025-11-28T08:45:54+00:00\",\"description\":\"Poradnia medycyny pracy oferuje obs\u0142ug\u0119 medyczn\u0105 pracownik\u00f3w w zakresie medycyny pracy- badania wst\u0119pne, okresowe...\",\"breadcrumb\":{\"@id\":\"https:\/\/cmr.gumed.edu.pl\/poradnia-medycyny-pracy\/#breadcrumb\"},\"inLanguage\":\"en-US\",\"potentialAction\":[{\"@type\":\"ReadAction\",\"target\":[\"https:\/\/cmr.gumed.edu.pl\/poradnia-medycyny-pracy\/\"]}]},{\"@type\":\"BreadcrumbList\",\"@id\":\"https:\/\/cmr.gumed.edu.pl\/poradnia-medycyny-pracy\/#breadcrumb\",\"itemListElement\":[{\"@type\":\"ListItem\",\"position\":1,\"name\":\"Strona g\u0142\u00f3wna\",\"item\":\"https:\/\/cmr.gumed.edu.pl\/\"},{\"@type\":\"ListItem\",\"position\":2,\"name\":\"Poradnia Medycyny Pracy\"}]},{\"@type\":\"WebSite\",\"@id\":\"https:\/\/cmr.gumed.edu.pl\/#website\",\"url\":\"https:\/\/cmr.gumed.edu.pl\/\",\"name\":\"Centrum Medycyny Rodzinnej\",\"description\":\"Centrum Medycyny Rodzinnej Gda\u0144skiego Uniwersytetu Medycznego\",\"publisher\":{\"@id\":\"https:\/\/cmr.gumed.edu.pl\/#organization\"},\"potentialAction\":[{\"@type\":\"SearchAction\",\"target\":{\"@type\":\"EntryPoint\",\"urlTemplate\":\"https:\/\/cmr.gumed.edu.pl\/?s={search_term_string}\"},\"query-input\":\"required name=search_term_string\"}],\"inLanguage\":\"en-US\"},{\"@type\":\"Organization\",\"@id\":\"https:\/\/cmr.gumed.edu.pl\/#organization\",\"name\":\"Centrum Medycyny Rodzinnej GUMed\",\"url\":\"https:\/\/cmr.gumed.edu.pl\/\",\"logo\":{\"@type\":\"ImageObject\",\"inLanguage\":\"en-US\",\"@id\":\"https:\/\/cmr.gumed.edu.pl\/#\/schema\/logo\/image\/\",\"url\":\"https:\/\/cmr.gumed.edu.pl\/wp-content\/uploads\/2021\/02\/GUMed_znak_PL_V_REG_polichromatyczny_negatyw_RGB.svg\",\"contentUrl\":\"https:\/\/cmr.gumed.edu.pl\/wp-content\/uploads\/2021\/02\/GUMed_znak_PL_V_REG_polichromatyczny_negatyw_RGB.svg\",\"width\":1,\"height\":1,\"caption\":\"Centrum Medycyny Rodzinnej GUMed\"},\"image\":{\"@id\":\"https:\/\/cmr.gumed.edu.pl\/#\/schema\/logo\/image\/\"}}]}<\/script>\n<!-- \/ Yoast SEO plugin. -->","yoast_head_json":{"title":"Poradnia Medycyny Pracy &#8902; Centrum Medycyny Rodzinnej Gda\u0144skiego Uniwersytetu Medycznego","description":"Poradnia medycyny pracy oferuje obs\u0142ug\u0119 medyczn\u0105 pracownik\u00f3w w zakresie medycyny pracy- badania wst\u0119pne, okresowe...","robots":{"index":"index","follow":"follow","max-snippet":"max-snippet:-1","max-image-preview":"max-image-preview:large","max-video-preview":"max-video-preview:-1"},"canonical":"https:\/\/cmr.gumed.edu.pl\/en\/poradnia-medycyny-pracy\/","og_locale":"en_US","og_type":"article","og_title":"Poradnia Medycyny Pracy &#8902; Centrum Medycyny Rodzinnej Gda\u0144skiego Uniwersytetu Medycznego","og_description":"Poradnia medycyny pracy oferuje obs\u0142ug\u0119 medyczn\u0105 pracownik\u00f3w w zakresie medycyny pracy- badania wst\u0119pne, okresowe...","og_url":"https:\/\/cmr.gumed.edu.pl\/en\/poradnia-medycyny-pracy\/","og_site_name":"Centrum Medycyny Rodzinnej Gda\u0144skiego Uniwersytetu Medycznego","article_modified_time":"2025-11-28T08:45:54+00:00","twitter_card":"summary_large_image","twitter_misc":{"Est. reading time":"1 minute"},"schema":{"@context":"https:\/\/schema.org","@graph":[{"@type":"WebPage","@id":"https:\/\/cmr.gumed.edu.pl\/poradnia-medycyny-pracy\/","url":"https:\/\/cmr.gumed.edu.pl\/poradnia-medycyny-pracy\/","name":"Poradnia Medycyny Pracy &#8902; Centrum Medycyny Rodzinnej Gda\u0144skiego Uniwersytetu Medycznego","isPartOf":{"@id":"https:\/\/cmr.gumed.edu.pl\/#website"},"datePublished":"2020-04-24T08:42:47+00:00","dateModified":"2025-11-28T08:45:54+00:00","description":"Poradnia medycyny pracy oferuje obs\u0142ug\u0119 medyczn\u0105 pracownik\u00f3w w zakresie medycyny pracy- badania wst\u0119pne, okresowe...","breadcrumb":{"@id":"https:\/\/cmr.gumed.edu.pl\/poradnia-medycyny-pracy\/#breadcrumb"},"inLanguage":"en-US","potentialAction":[{"@type":"ReadAction","target":["https:\/\/cmr.gumed.edu.pl\/poradnia-medycyny-pracy\/"]}]},{"@type":"BreadcrumbList","@id":"https:\/\/cmr.gumed.edu.pl\/poradnia-medycyny-pracy\/#breadcrumb","itemListElement":[{"@type":"ListItem","position":1,"name":"Strona g\u0142\u00f3wna","item":"https:\/\/cmr.gumed.edu.pl\/"},{"@type":"ListItem","position":2,"name":"Poradnia Medycyny Pracy"}]},{"@type":"WebSite","@id":"https:\/\/cmr.gumed.edu.pl\/#website","url":"https:\/\/cmr.gumed.edu.pl\/","name":"Family Medicine Center","description":"Centrum Medycyny Rodzinnej Gda\u0144skiego Uniwersytetu Medycznego","publisher":{"@id":"https:\/\/cmr.gumed.edu.pl\/#organization"},"potentialAction":[{"@type":"SearchAction","target":{"@type":"EntryPoint","urlTemplate":"https:\/\/cmr.gumed.edu.pl\/?s={search_term_string}"},"query-input":"required name=search_term_string"}],"inLanguage":"en-US"},{"@type":"Organization","@id":"https:\/\/cmr.gumed.edu.pl\/#organization","name":"Centrum Medycyny Rodzinnej GUMed","url":"https:\/\/cmr.gumed.edu.pl\/","logo":{"@type":"ImageObject","inLanguage":"en-US","@id":"https:\/\/cmr.gumed.edu.pl\/#\/schema\/logo\/image\/","url":"https:\/\/cmr.gumed.edu.pl\/wp-content\/uploads\/2021\/02\/GUMed_znak_PL_V_REG_polichromatyczny_negatyw_RGB.svg","contentUrl":"https:\/\/cmr.gumed.edu.pl\/wp-content\/uploads\/2021\/02\/GUMed_znak_PL_V_REG_polichromatyczny_negatyw_RGB.svg","width":1,"height":1,"caption":"Centrum Medycyny Rodzinnej GUMed"},"image":{"@id":"https:\/\/cmr.gumed.edu.pl\/#\/schema\/logo\/image\/"}}]}},"_links":{"self":[{"href":"https:\/\/cmr.gumed.edu.pl\/en\/wp-json\/wp\/v2\/pages\/52"}],"collection":[{"href":"https:\/\/cmr.gumed.edu.pl\/en\/wp-json\/wp\/v2\/pages"}],"about":[{"href":"https:\/\/cmr.gumed.edu.pl\/en\/wp-json\/wp\/v2\/types\/page"}],"author":[{"embeddable":true,"href":"https:\/\/cmr.gumed.edu.pl\/en\/wp-json\/wp\/v2\/users\/2"}],"replies":[{"embeddable":true,"href":"https:\/\/cmr.gumed.edu.pl\/en\/wp-json\/wp\/v2\/comments?post=52"}],"version-history":[{"count":68,"href":"https:\/\/cmr.gumed.edu.pl\/en\/wp-json\/wp\/v2\/pages\/52\/revisions"}],"predecessor-version":[{"id":2783,"href":"https:\/\/cmr.gumed.edu.pl\/en\/wp-json\/wp\/v2\/pages\/52\/revisions\/2783"}],"wp:attachment":[{"href":"https:\/\/cmr.gumed.edu.pl\/en\/wp-json\/wp\/v2\/media?parent=52"}],"curies":[{"name":"wp","href":"https:\/\/api.w.org\/{rel}","templated":true}]}}