{"id":566,"date":"2021-03-05T22:12:27","date_gmt":"2021-03-05T21:12:27","guid":{"rendered":"https:\/\/cmr.gumed.edu.pl\/cmrwp\/?page_id=566"},"modified":"2022-02-20T14:20:39","modified_gmt":"2022-02-20T13:20:39","slug":"nowa-wizyta","status":"publish","type":"page","link":"https:\/\/cmr.gumed.edu.pl\/en\/nowa-wizyta\/","title":{"rendered":"Nowa wizyta"},"content":{"rendered":"<div data-elementor-type=\"wp-page\" data-elementor-id=\"566\" class=\"elementor elementor-566\">\n\t\t\t\t\t\t<section class=\"elementor-section elementor-top-section elementor-element elementor-element-3052300d elementor-section-boxed elementor-section-height-default elementor-section-height-default\" data-id=\"3052300d\" data-element_type=\"section\">\n\t\t\t\t\t\t<div class=\"elementor-container elementor-column-gap-default\">\n\t\t\t\t\t<div class=\"elementor-column elementor-col-100 elementor-top-column elementor-element elementor-element-1e140e2c\" data-id=\"1e140e2c\" data-element_type=\"column\">\n\t\t\t<div class=\"elementor-widget-wrap elementor-element-populated\">\n\t\t\t\t\t\t<div class=\"elementor-element elementor-element-ae0c6a2 elementor-widget elementor-widget-text-editor\" data-id=\"ae0c6a2\" data-element_type=\"widget\" data-widget_type=\"text-editor.default\">\n\t\t\t\t<div class=\"elementor-widget-container\">\n\t\t\t\t\t\t\t\t\t<h3 style=\"text-align: center;\">Rejestracja On-Line TELEPORADA POZ<\/h3>\t\t\t\t\t\t\t\t<\/div>\n\t\t\t\t<\/div>\n\t\t\t\t<div class=\"elementor-element elementor-element-8d20be5 elementor-widget elementor-widget-text-editor\" data-id=\"8d20be5\" data-element_type=\"widget\" data-settings=\"{&quot;_animation&quot;:&quot;none&quot;}\" data-widget_type=\"text-editor.default\">\n\t\t\t\t<div class=\"elementor-widget-container\">\n\t\t\t\t\t\t\t\t\t<p style=\"text-align: center;\"><strong style=\"font-size: 15px; color: var( --e-global-color-text ); font-family: var( --e-global-typography-text-font-family ), Sans-serif;\"><span style=\"color: #9b2c2c;\"><br \/>W zwi\u0105zku z sytuacj\u0105 epidemiologiczn\u0105 zapisy on-line mo\u017cliwe s\u0105 WY\u0141\u0104CZNIE NA TELEPORAD\u0118.<\/span><\/strong><\/p>\t\t\t\t\t\t\t\t<\/div>\n\t\t\t\t<\/div>\n\t\t\t\t<div class=\"elementor-element elementor-element-d2471b1 elementor-widget elementor-widget-text-editor\" data-id=\"d2471b1\" data-element_type=\"widget\" data-widget_type=\"text-editor.default\">\n\t\t\t\t<div class=\"elementor-widget-container\">\n\t\t\t\t\t\t\t\t\t<p>Zgodnie z nowelizacj\u0105 rozporz\u0105dzenia MZ z 5 marca 2021 r. w sprawie standardu organizacyjnego teleporady informujemy, \u017ce od 16.marca 2021 <strong>um\u00f3wienie na teleporad\u0119 POZ mo\u017cliwe jest w przypadku gdy:<\/strong><\/p><ul><li>Istnieje podejrzenie zaka\u017cenia wirusem SARS-Cov-2.\u00a0\u00a0<\/li><li>Potrzebujesz recepty na leki niezb\u0119dne do kontynuacji leczenia, a lekarz ma Twoj\u0105 dokumentacj\u0119 medyczn\u0105\u00a0<\/li><li>Potrzebujesz zlecenia na zaopatrzenie w wyroby medyczne jako kontynuacj\u0119 poprzedniego zlecenia, a lekarz ma Twoj\u0105 dokumentacj\u0119\u00a0<\/li><li>Potrzebujesz za\u015bwiadczenia o stanie zdrowia\u00a0<\/li><li>Twoje dziecko, kt\u00f3re nie ma 6 lat, korzysta z porady kontrolnej, kt\u00f3r\u0105 ustali\u0142 lekarz podczas bezpo\u015bredniej wizyty i kt\u00f3ra nie polega na fizycznym badaniu.<\/li><\/ul><p>W trakcie teleporady mo\u017cliwe jest <strong>otrzymanie zalece\u0144, wystawienie e-skierowania, e-zwolnienia lub e-recepty, skierowanie na test na koronawirusa,<\/strong> ewentualnie informacji o konieczno\u015bci wizyty osobistej lub kontaktu z pogotowiem ratunkowym.<\/p><p>W przypadku Pacjent\u00f3w, kt\u00f3rzy zg\u0142aszaj\u0105 si\u0119 na wizyt\u0119 w CMR po raz pierwszy lub obserwuj\u0105 pogorszenie stanu zdrowia prosimy o <strong>kontakt z rejestracj\u0105 pod numerami tel. +48 58 349 16 08 lub 537 940 193.\u00a0<\/strong> <br \/>W przypadku w\u0105tpliwo\u015bci r\u00f3wnie\u017c prosimy o kontakt telefoniczny z rejestracj\u0105.\u00a0<\/p><p><strong>Bardzo dzi\u0119kujemy za wyrozumia\u0142o\u015b\u0107!<\/strong><\/p><p>Dane osobowe podane w formularzu b\u0119d\u0105 przetwarzane zgodnie z <strong><a href=\"https:\/\/cmr.gumed.edu.pl\/en\/polityka-prywatnosci\/\">polityk\u0105 prywatno\u015bci<\/a><\/strong> Centrum Medycyny Rodzinnej Gda\u0144skiego Uniwersytetu Medycznego Sp. z o.o..<\/p><p><iframe style=\"font-size: 15px; color: var( --e-global-color-text ); font-family: var( --e-global-typography-text-font-family ), Sans-serif;\" src=\"https:\/\/cmr.gumed.edu.pl\/nowawizyta\/\" height=\"1000\" frameborder=\"1\" scrolling=\"auto\"><\/iframe>\u00a0<\/p>\t\t\t\t\t\t\t\t<\/div>\n\t\t\t\t<\/div>\n\t\t\t\t\t<\/div>\n\t\t<\/div>\n\t\t\t\t\t<\/div>\n\t\t<\/section>\n\t\t\t\t<\/div>","protected":false},"excerpt":{"rendered":"<p>Rejestracja On-Line TELEPORADA POZ W zwi\u0105zku z sytuacj\u0105 epidemiologiczn\u0105 zapisy on-line mo\u017cliwe s\u0105 WY\u0141\u0104CZNIE NA TELEPORAD\u0118. Zgodnie z nowelizacj\u0105 rozporz\u0105dzenia MZ z 5 marca 2021 r. w sprawie standardu organizacyjnego teleporady informujemy, \u017ce od 16.marca 2021 um\u00f3wienie na teleporad\u0119 POZ mo\u017cliwe jest w przypadku gdy: Istnieje podejrzenie zaka\u017cenia wirusem SARS-Cov-2.\u00a0\u00a0 Potrzebujesz recepty na leki niezb\u0119dne &hellip;<\/p>\n<p class=\"read-more\"> <a class=\"\" href=\"https:\/\/cmr.gumed.edu.pl\/en\/nowa-wizyta\/\"> <span class=\"screen-reader-text\">Nowa wizyta<\/span> Read More &raquo;<\/a><\/p>","protected":false},"author":4,"featured_media":0,"parent":0,"menu_order":0,"comment_status":"closed","ping_status":"closed","template":"","meta":{"site-sidebar-layout":"no-sidebar","site-content-layout":"content-boxed-container","ast-site-content-layout":"","site-content-style":"default","site-sidebar-style":"default","ast-global-header-display":"","ast-banner-title-visibility":"","ast-main-header-display":"","ast-hfb-above-header-display":"","ast-hfb-below-header-display":"","ast-hfb-mobile-header-display":"","site-post-title":"disabled","ast-breadcrumbs-content":"","ast-featured-img":"","footer-sml-layout":"","theme-transparent-header-meta":"default","adv-header-id-meta":"","stick-header-meta":"","header-above-stick-meta":"","header-main-stick-meta":"","header-below-stick-meta":"","astra-migrate-meta-layouts":"","ast-page-background-enabled":"default","ast-page-background-meta":{"desktop":{"background-color":"","background-image":"","background-repeat":"repeat","background-position":"center center","background-size":"auto","background-attachment":"scroll","background-type":"","background-media":"","overlay-type":"","overlay-color":"","overlay-gradient":""},"tablet":{"background-color":"","background-image":"","background-repeat":"repeat","background-position":"center center","background-size":"auto","background-attachment":"scroll","background-type":"","background-media":"","overlay-type":"","overlay-color":"","overlay-gradient":""},"mobile":{"background-color":"","background-image":"","background-repeat":"repeat","background-position":"center center","background-size":"auto","background-attachment":"scroll","background-type":"","background-media":"","overlay-type":"","overlay-color":"","overlay-gradient":""}},"ast-content-background-meta":{"desktop":{"background-color":"var(--ast-global-color-5)","background-image":"","background-repeat":"repeat","background-position":"center center","background-size":"auto","background-attachment":"scroll","background-type":"","background-media":"","overlay-type":"","overlay-color":"","overlay-gradient":""},"tablet":{"background-color":"var(--ast-global-color-5)","background-image":"","background-repeat":"repeat","background-position":"center center","background-size":"auto","background-attachment":"scroll","background-type":"","background-media":"","overlay-type":"","overlay-color":"","overlay-gradient":""},"mobile":{"background-color":"var(--ast-global-color-5)","background-image":"","background-repeat":"repeat","background-position":"center center","background-size":"auto","background-attachment":"scroll","background-type":"","background-media":"","overlay-type":"","overlay-color":"","overlay-gradient":""}},"footnotes":""},"yoast_head":"<!-- This site is optimized with the Yoast SEO plugin v22.6 - https:\/\/yoast.com\/wordpress\/plugins\/seo\/ -->\n<title>Nowa wizyta &#8902; Centrum Medycyny Rodzinnej Gda\u0144skiego Uniwersytetu Medycznego<\/title>\n<meta name=\"robots\" content=\"index, follow, max-snippet:-1, max-image-preview:large, max-video-preview:-1\" \/>\n<link rel=\"canonical\" href=\"https:\/\/cmr.gumed.edu.pl\/en\/nowa-wizyta\/\" \/>\n<meta property=\"og:locale\" content=\"en_US\" \/>\n<meta property=\"og:type\" content=\"article\" \/>\n<meta property=\"og:title\" content=\"Nowa wizyta &#8902; Centrum Medycyny Rodzinnej Gda\u0144skiego Uniwersytetu Medycznego\" \/>\n<meta property=\"og:description\" content=\"Rejestracja On-Line TELEPORADA POZ W zwi\u0105zku z sytuacj\u0105 epidemiologiczn\u0105 zapisy on-line mo\u017cliwe s\u0105 WY\u0141\u0104CZNIE NA TELEPORAD\u0118. Zgodnie z nowelizacj\u0105 rozporz\u0105dzenia MZ z 5 marca 2021 r. w sprawie standardu organizacyjnego teleporady informujemy, \u017ce od 16.marca 2021 um\u00f3wienie na teleporad\u0119 POZ mo\u017cliwe jest w przypadku gdy: Istnieje podejrzenie zaka\u017cenia wirusem SARS-Cov-2.\u00a0\u00a0 Potrzebujesz recepty na leki niezb\u0119dne &hellip; Nowa wizyta Read More &raquo;\" \/>\n<meta property=\"og:url\" content=\"https:\/\/cmr.gumed.edu.pl\/en\/nowa-wizyta\/\" \/>\n<meta property=\"og:site_name\" content=\"Centrum Medycyny Rodzinnej Gda\u0144skiego Uniwersytetu Medycznego\" \/>\n<meta property=\"article:modified_time\" content=\"2022-02-20T13:20:39+00:00\" \/>\n<meta name=\"twitter:card\" content=\"summary_large_image\" \/>\n<meta name=\"twitter:label1\" content=\"Est. reading time\" \/>\n\t<meta name=\"twitter:data1\" content=\"1 minute\" \/>\n<script type=\"application\/ld+json\" class=\"yoast-schema-graph\">{\"@context\":\"https:\/\/schema.org\",\"@graph\":[{\"@type\":\"WebPage\",\"@id\":\"https:\/\/cmr.gumed.edu.pl\/nowa-wizyta\/\",\"url\":\"https:\/\/cmr.gumed.edu.pl\/nowa-wizyta\/\",\"name\":\"Nowa wizyta &#8902; Centrum Medycyny Rodzinnej Gda\u0144skiego Uniwersytetu Medycznego\",\"isPartOf\":{\"@id\":\"https:\/\/cmr.gumed.edu.pl\/#website\"},\"datePublished\":\"2021-03-05T21:12:27+00:00\",\"dateModified\":\"2022-02-20T13:20:39+00:00\",\"breadcrumb\":{\"@id\":\"https:\/\/cmr.gumed.edu.pl\/nowa-wizyta\/#breadcrumb\"},\"inLanguage\":\"en-US\",\"potentialAction\":[{\"@type\":\"ReadAction\",\"target\":[\"https:\/\/cmr.gumed.edu.pl\/nowa-wizyta\/\"]}]},{\"@type\":\"BreadcrumbList\",\"@id\":\"https:\/\/cmr.gumed.edu.pl\/nowa-wizyta\/#breadcrumb\",\"itemListElement\":[{\"@type\":\"ListItem\",\"position\":1,\"name\":\"Strona g\u0142\u00f3wna\",\"item\":\"https:\/\/cmr.gumed.edu.pl\/\"},{\"@type\":\"ListItem\",\"position\":2,\"name\":\"Nowa wizyta\"}]},{\"@type\":\"WebSite\",\"@id\":\"https:\/\/cmr.gumed.edu.pl\/#website\",\"url\":\"https:\/\/cmr.gumed.edu.pl\/\",\"name\":\"Centrum Medycyny Rodzinnej\",\"description\":\"Centrum Medycyny Rodzinnej Gda\u0144skiego Uniwersytetu Medycznego\",\"publisher\":{\"@id\":\"https:\/\/cmr.gumed.edu.pl\/#organization\"},\"potentialAction\":[{\"@type\":\"SearchAction\",\"target\":{\"@type\":\"EntryPoint\",\"urlTemplate\":\"https:\/\/cmr.gumed.edu.pl\/?s={search_term_string}\"},\"query-input\":\"required name=search_term_string\"}],\"inLanguage\":\"en-US\"},{\"@type\":\"Organization\",\"@id\":\"https:\/\/cmr.gumed.edu.pl\/#organization\",\"name\":\"Centrum Medycyny Rodzinnej GUMed\",\"url\":\"https:\/\/cmr.gumed.edu.pl\/\",\"logo\":{\"@type\":\"ImageObject\",\"inLanguage\":\"en-US\",\"@id\":\"https:\/\/cmr.gumed.edu.pl\/#\/schema\/logo\/image\/\",\"url\":\"https:\/\/cmr.gumed.edu.pl\/wp-content\/uploads\/2021\/02\/GUMed_znak_PL_V_REG_polichromatyczny_negatyw_RGB.svg\",\"contentUrl\":\"https:\/\/cmr.gumed.edu.pl\/wp-content\/uploads\/2021\/02\/GUMed_znak_PL_V_REG_polichromatyczny_negatyw_RGB.svg\",\"width\":1,\"height\":1,\"caption\":\"Centrum Medycyny Rodzinnej GUMed\"},\"image\":{\"@id\":\"https:\/\/cmr.gumed.edu.pl\/#\/schema\/logo\/image\/\"}}]}<\/script>\n<!-- \/ Yoast SEO plugin. -->","yoast_head_json":{"title":"Nowa wizyta &#8902; Centrum Medycyny Rodzinnej Gda\u0144skiego Uniwersytetu Medycznego","robots":{"index":"index","follow":"follow","max-snippet":"max-snippet:-1","max-image-preview":"max-image-preview:large","max-video-preview":"max-video-preview:-1"},"canonical":"https:\/\/cmr.gumed.edu.pl\/en\/nowa-wizyta\/","og_locale":"en_US","og_type":"article","og_title":"Nowa wizyta &#8902; Centrum Medycyny Rodzinnej Gda\u0144skiego Uniwersytetu Medycznego","og_description":"Rejestracja On-Line TELEPORADA POZ W zwi\u0105zku z sytuacj\u0105 epidemiologiczn\u0105 zapisy on-line mo\u017cliwe s\u0105 WY\u0141\u0104CZNIE NA TELEPORAD\u0118. Zgodnie z nowelizacj\u0105 rozporz\u0105dzenia MZ z 5 marca 2021 r. w sprawie standardu organizacyjnego teleporady informujemy, \u017ce od 16.marca 2021 um\u00f3wienie na teleporad\u0119 POZ mo\u017cliwe jest w przypadku gdy: Istnieje podejrzenie zaka\u017cenia wirusem SARS-Cov-2.\u00a0\u00a0 Potrzebujesz recepty na leki niezb\u0119dne &hellip; Nowa wizyta Read More &raquo;","og_url":"https:\/\/cmr.gumed.edu.pl\/en\/nowa-wizyta\/","og_site_name":"Centrum Medycyny Rodzinnej Gda\u0144skiego Uniwersytetu Medycznego","article_modified_time":"2022-02-20T13:20:39+00:00","twitter_card":"summary_large_image","twitter_misc":{"Est. reading time":"1 minute"},"schema":{"@context":"https:\/\/schema.org","@graph":[{"@type":"WebPage","@id":"https:\/\/cmr.gumed.edu.pl\/nowa-wizyta\/","url":"https:\/\/cmr.gumed.edu.pl\/nowa-wizyta\/","name":"Nowa wizyta &#8902; Centrum Medycyny Rodzinnej Gda\u0144skiego Uniwersytetu Medycznego","isPartOf":{"@id":"https:\/\/cmr.gumed.edu.pl\/#website"},"datePublished":"2021-03-05T21:12:27+00:00","dateModified":"2022-02-20T13:20:39+00:00","breadcrumb":{"@id":"https:\/\/cmr.gumed.edu.pl\/nowa-wizyta\/#breadcrumb"},"inLanguage":"en-US","potentialAction":[{"@type":"ReadAction","target":["https:\/\/cmr.gumed.edu.pl\/nowa-wizyta\/"]}]},{"@type":"BreadcrumbList","@id":"https:\/\/cmr.gumed.edu.pl\/nowa-wizyta\/#breadcrumb","itemListElement":[{"@type":"ListItem","position":1,"name":"Strona g\u0142\u00f3wna","item":"https:\/\/cmr.gumed.edu.pl\/"},{"@type":"ListItem","position":2,"name":"Nowa wizyta"}]},{"@type":"WebSite","@id":"https:\/\/cmr.gumed.edu.pl\/#website","url":"https:\/\/cmr.gumed.edu.pl\/","name":"Family Medicine Center","description":"Centrum Medycyny Rodzinnej Gda\u0144skiego Uniwersytetu Medycznego","publisher":{"@id":"https:\/\/cmr.gumed.edu.pl\/#organization"},"potentialAction":[{"@type":"SearchAction","target":{"@type":"EntryPoint","urlTemplate":"https:\/\/cmr.gumed.edu.pl\/?s={search_term_string}"},"query-input":"required name=search_term_string"}],"inLanguage":"en-US"},{"@type":"Organization","@id":"https:\/\/cmr.gumed.edu.pl\/#organization","name":"Centrum Medycyny Rodzinnej GUMed","url":"https:\/\/cmr.gumed.edu.pl\/","logo":{"@type":"ImageObject","inLanguage":"en-US","@id":"https:\/\/cmr.gumed.edu.pl\/#\/schema\/logo\/image\/","url":"https:\/\/cmr.gumed.edu.pl\/wp-content\/uploads\/2021\/02\/GUMed_znak_PL_V_REG_polichromatyczny_negatyw_RGB.svg","contentUrl":"https:\/\/cmr.gumed.edu.pl\/wp-content\/uploads\/2021\/02\/GUMed_znak_PL_V_REG_polichromatyczny_negatyw_RGB.svg","width":1,"height":1,"caption":"Centrum Medycyny Rodzinnej GUMed"},"image":{"@id":"https:\/\/cmr.gumed.edu.pl\/#\/schema\/logo\/image\/"}}]}},"_links":{"self":[{"href":"https:\/\/cmr.gumed.edu.pl\/en\/wp-json\/wp\/v2\/pages\/566"}],"collection":[{"href":"https:\/\/cmr.gumed.edu.pl\/en\/wp-json\/wp\/v2\/pages"}],"about":[{"href":"https:\/\/cmr.gumed.edu.pl\/en\/wp-json\/wp\/v2\/types\/page"}],"author":[{"embeddable":true,"href":"https:\/\/cmr.gumed.edu.pl\/en\/wp-json\/wp\/v2\/users\/4"}],"replies":[{"embeddable":true,"href":"https:\/\/cmr.gumed.edu.pl\/en\/wp-json\/wp\/v2\/comments?post=566"}],"version-history":[{"count":71,"href":"https:\/\/cmr.gumed.edu.pl\/en\/wp-json\/wp\/v2\/pages\/566\/revisions"}],"predecessor-version":[{"id":1865,"href":"https:\/\/cmr.gumed.edu.pl\/en\/wp-json\/wp\/v2\/pages\/566\/revisions\/1865"}],"wp:attachment":[{"href":"https:\/\/cmr.gumed.edu.pl\/en\/wp-json\/wp\/v2\/media?parent=566"}],"curies":[{"name":"wp","href":"https:\/\/api.w.org\/{rel}","templated":true}]}}